{"id":5978,"date":"2024-02-01T00:50:27","date_gmt":"2024-02-01T00:50:27","guid":{"rendered":"https:\/\/sportcollection.al\/?post_type=product&#038;p=5978"},"modified":"2024-02-01T01:09:34","modified_gmt":"2024-02-01T01:09:34","slug":"bluze-me-kapuc-big-logo-adidas","status":"publish","type":"product","link":"https:\/\/sportcollection.al\/sq\/produkt\/bluze-me-kapuc-big-logo-adidas\/","title":{"rendered":"BLUZE ME KAPUC BIG LOGO ADIDAS"},"content":{"rendered":"<p><strong>Madh\u00ebsi<\/strong><\/p>\n<p>7-8 VJE\u00c7, 9-10 VJE\u00c7, 11-12 VJE\u00c7, 13-14 VJE\u00c7, 15-16 VJE\u00c7<\/p>\n<p>Konsideroje uniform\u00ebn e re t\u00eb ekipit. Kjo bluz\u00eb me kapu\u00e7 Junior \u00ebsht\u00eb krijuar prej pambuku dhe poliestre dhe ndihet shum\u00eb e but\u00eb dhe e leht\u00eb kur fundjav\u00ebn e keni plot aktivitete. Logoja dyngjyr\u00ebshe adidas Badge of Sport i jep nj\u00eb prekje tejet stil dhe kombinohet me gjith\u00e7ka n\u00eb garderob\u00ebn tuaj. Produktet tona t\u00eb pambukut mb\u00ebshtesin kultivimin e q\u00ebndruesh\u00ebm t\u00eb tij.<\/p>\n<h6>Specifikime<\/h6>\n<ul>\n<li><span style=\"font-size: 16px; font-style: normal; font-weight: 400;\">Prerje e rregullt<\/span><\/li>\n<\/ul>","protected":false},"excerpt":{"rendered":"<h4>Kodi: HR6370<\/h4>\n<p>BLUZ\u00cb ME KAPU\u00c7 TEJET STIL ME LOGON E ADIDAS DYNGJYR\u00cbSHE<\/p>","protected":false},"featured_media":5981,"comment_status":"open","ping_status":"closed","template":"","meta":{"site-sidebar-layout":"default","site-content-layout":"","ast-site-content-layout":"default","site-content-style":"default","site-sidebar-style":"default","ast-global-header-display":"","ast-banner-title-visibility":"","ast-main-header-display":"","ast-hfb-above-header-display":"","ast-hfb-below-header-display":"","ast-hfb-mobile-header-display":"","site-post-title":"","ast-breadcrumbs-content":"","ast-featured-img":"","footer-sml-layout":"","theme-transparent-header-meta":"default","adv-header-id-meta":"","stick-header-meta":"","header-above-stick-meta":"","header-main-stick-meta":"","header-below-stick-meta":"","astra-migrate-meta-layouts":"set","ast-page-background-enabled":"default","ast-page-background-meta":{"desktop":{"background-color":"","background-image":"","background-repeat":"repeat","background-position":"center center","background-size":"auto","background-attachment":"scroll","background-type":"","background-media":"","overlay-type":"","overlay-color":"","overlay-gradient":""},"tablet":{"background-color":"","background-image":"","background-repeat":"repeat","background-position":"center center","background-size":"auto","background-attachment":"scroll","background-type":"","background-media":"","overlay-type":"","overlay-color":"","overlay-gradient":""},"mobile":{"background-color":"","background-image":"","background-repeat":"repeat","background-position":"center center","background-size":"auto","background-attachment":"scroll","background-type":"","background-media":"","overlay-type":"","overlay-color":"","overlay-gradient":""}},"ast-content-background-meta":{"desktop":{"background-color":"var(--ast-global-color-5)","background-image":"","background-repeat":"repeat","background-position":"center center","background-size":"auto","background-attachment":"scroll","background-type":"","background-media":"","overlay-type":"","overlay-color":"","overlay-gradient":""},"tablet":{"background-color":"var(--ast-global-color-5)","background-image":"","background-repeat":"repeat","background-position":"center center","background-size":"auto","background-attachment":"scroll","background-type":"","background-media":"","overlay-type":"","overlay-color":"","overlay-gradient":""},"mobile":{"background-color":"var(--ast-global-color-5)","background-image":"","background-repeat":"repeat","background-position":"center center","background-size":"auto","background-attachment":"scroll","background-type":"","background-media":"","overlay-type":"","overlay-color":"","overlay-gradient":""}}},"product_brand":[],"product_cat":[39,40,42],"product_tag":[],"class_list":{"0":"post-5978","1":"product","2":"type-product","3":"status-publish","4":"has-post-thumbnail","6":"product_cat-for-boy","7":"product_cat-for-girl","8":"product_cat-hoodie","9":"desktop-align-center","10":"tablet-align-center","11":"mobile-align-center","13":"first","14":"instock","15":"sale","16":"shipping-taxable","17":"purchasable","18":"product-type-simple"},"yoast_head":"<!-- This site is optimized with the Yoast SEO plugin v26.8 - https:\/\/yoast.com\/product\/yoast-seo-wordpress\/ -->\n<title>Bluze me Kapuc - Sport Collection<\/title>\n<meta name=\"description\" content=\"N\u00eb Sport Collection, ju do t\u00eb gjeni nj\u00eb gam\u00eb t\u00eb gjer\u00eb t\u00eb bluzave me kapuc p\u00ebr meshkuj dhe femra. Bluza me kapuc jan\u00eb t\u00eb rehatshme, t\u00eb ngrohta dhe t\u00eb mod\u00ebs.\" \/>\n<meta name=\"robots\" content=\"index, follow, max-snippet:-1, max-image-preview:large, max-video-preview:-1\" \/>\n<link rel=\"canonical\" href=\"https:\/\/sportcollection.al\/sq\/produkt\/bluze-me-kapuc-big-logo-adidas\/\" \/>\n<meta property=\"og:locale\" content=\"sq_AL\" \/>\n<meta property=\"og:type\" content=\"article\" \/>\n<meta property=\"og:title\" content=\"Bluze me Kapuc - Sport Collection\" \/>\n<meta property=\"og:description\" content=\"N\u00eb Sport Collection, ju do t\u00eb gjeni nj\u00eb gam\u00eb t\u00eb gjer\u00eb t\u00eb bluzave me kapuc p\u00ebr meshkuj dhe femra. Bluza me kapuc jan\u00eb t\u00eb rehatshme, t\u00eb ngrohta dhe t\u00eb mod\u00ebs.\" \/>\n<meta property=\"og:url\" content=\"https:\/\/sportcollection.al\/sq\/produkt\/bluze-me-kapuc-big-logo-adidas\/\" \/>\n<meta property=\"og:site_name\" content=\"Sport-Collection\" \/>\n<meta property=\"article:publisher\" content=\"https:\/\/www.facebook.com\/SportCollectionAlbania\" \/>\n<meta property=\"article:modified_time\" content=\"2024-02-01T01:09:34+00:00\" \/>\n<meta property=\"og:image\" content=\"https:\/\/sportcollection.al\/wp-content\/uploads\/2024\/02\/IMG-20240130-WA0013.jpg\" \/>\n\t<meta property=\"og:image:width\" content=\"751\" \/>\n\t<meta property=\"og:image:height\" content=\"751\" \/>\n\t<meta property=\"og:image:type\" content=\"image\/jpeg\" \/>\n<meta name=\"twitter:card\" content=\"summary_large_image\" \/>\n<meta name=\"twitter:label1\" content=\"Est. reading time\" \/>\n\t<meta name=\"twitter:data1\" content=\"1 minut\u00eb\" \/>\n<script type=\"application\/ld+json\" class=\"yoast-schema-graph\">{\"@context\":\"https:\/\/schema.org\",\"@graph\":[{\"@type\":\"WebPage\",\"@id\":\"https:\/\/sportcollection.al\/product\/bluze-me-kapuc-big-logo-adidas\/\",\"url\":\"https:\/\/sportcollection.al\/product\/bluze-me-kapuc-big-logo-adidas\/\",\"name\":\"Bluze me Kapuc - Sport Collection\",\"isPartOf\":{\"@id\":\"https:\/\/sportcollection.al\/#website\"},\"primaryImageOfPage\":{\"@id\":\"https:\/\/sportcollection.al\/product\/bluze-me-kapuc-big-logo-adidas\/#primaryimage\"},\"image\":{\"@id\":\"https:\/\/sportcollection.al\/product\/bluze-me-kapuc-big-logo-adidas\/#primaryimage\"},\"thumbnailUrl\":\"https:\/\/sportcollection.al\/wp-content\/uploads\/2024\/02\/IMG-20240130-WA0013.jpg\",\"datePublished\":\"2024-02-01T00:50:27+00:00\",\"dateModified\":\"2024-02-01T01:09:34+00:00\",\"description\":\"N\u00eb Sport Collection, ju do t\u00eb gjeni nj\u00eb gam\u00eb t\u00eb gjer\u00eb t\u00eb bluzave me kapuc p\u00ebr meshkuj dhe femra. Bluza me kapuc jan\u00eb t\u00eb rehatshme, t\u00eb ngrohta dhe t\u00eb mod\u00ebs.\",\"breadcrumb\":{\"@id\":\"https:\/\/sportcollection.al\/product\/bluze-me-kapuc-big-logo-adidas\/#breadcrumb\"},\"inLanguage\":\"sq\",\"potentialAction\":[{\"@type\":\"ReadAction\",\"target\":[\"https:\/\/sportcollection.al\/product\/bluze-me-kapuc-big-logo-adidas\/\"]}]},{\"@type\":\"ImageObject\",\"inLanguage\":\"sq\",\"@id\":\"https:\/\/sportcollection.al\/product\/bluze-me-kapuc-big-logo-adidas\/#primaryimage\",\"url\":\"https:\/\/sportcollection.al\/wp-content\/uploads\/2024\/02\/IMG-20240130-WA0013.jpg\",\"contentUrl\":\"https:\/\/sportcollection.al\/wp-content\/uploads\/2024\/02\/IMG-20240130-WA0013.jpg\",\"width\":751,\"height\":751,\"caption\":\"bluze me kapuc\"},{\"@type\":\"BreadcrumbList\",\"@id\":\"https:\/\/sportcollection.al\/product\/bluze-me-kapuc-big-logo-adidas\/#breadcrumb\",\"itemListElement\":[{\"@type\":\"ListItem\",\"position\":1,\"name\":\"Home\",\"item\":\"https:\/\/sportcollection.al\/\"},{\"@type\":\"ListItem\",\"position\":2,\"name\":\"Shop\",\"item\":\"https:\/\/sportcollection.al\/shop-2\/\"},{\"@type\":\"ListItem\",\"position\":3,\"name\":\"BLUZE ME KAPUC BIG LOGO ADIDAS\"}]},{\"@type\":\"WebSite\",\"@id\":\"https:\/\/sportcollection.al\/#website\",\"url\":\"https:\/\/sportcollection.al\/\",\"name\":\"Sport-Collection\",\"description\":\"\",\"publisher\":{\"@id\":\"https:\/\/sportcollection.al\/#organization\"},\"potentialAction\":[{\"@type\":\"SearchAction\",\"target\":{\"@type\":\"EntryPoint\",\"urlTemplate\":\"https:\/\/sportcollection.al\/?s={search_term_string}\"},\"query-input\":{\"@type\":\"PropertyValueSpecification\",\"valueRequired\":true,\"valueName\":\"search_term_string\"}}],\"inLanguage\":\"sq\"},{\"@type\":\"Organization\",\"@id\":\"https:\/\/sportcollection.al\/#organization\",\"name\":\"Sport-Collection\",\"url\":\"https:\/\/sportcollection.al\/\",\"logo\":{\"@type\":\"ImageObject\",\"inLanguage\":\"sq\",\"@id\":\"https:\/\/sportcollection.al\/#\/schema\/logo\/image\/\",\"url\":\"https:\/\/sportcollection.al\/wp-content\/uploads\/2022\/07\/sport-collection-png-1.png\",\"contentUrl\":\"https:\/\/sportcollection.al\/wp-content\/uploads\/2022\/07\/sport-collection-png-1.png\",\"width\":900,\"height\":129,\"caption\":\"Sport-Collection\"},\"image\":{\"@id\":\"https:\/\/sportcollection.al\/#\/schema\/logo\/image\/\"},\"sameAs\":[\"https:\/\/www.facebook.com\/SportCollectionAlbania\",\"https:\/\/www.instagram.com\/sport_collection_gjirokaster?utm_source=ig_web_button_share_sheet&igsh=ZDNlZDc0MzIxNw==\"]}]}<\/script>\n<!-- \/ Yoast SEO plugin. -->","yoast_head_json":{"title":"Bluze me Kapuc - Sport Collection","description":"N\u00eb Sport Collection, ju do t\u00eb gjeni nj\u00eb gam\u00eb t\u00eb gjer\u00eb t\u00eb bluzave me kapuc p\u00ebr meshkuj dhe femra. Bluza me kapuc jan\u00eb t\u00eb rehatshme, t\u00eb ngrohta dhe t\u00eb mod\u00ebs.","robots":{"index":"index","follow":"follow","max-snippet":"max-snippet:-1","max-image-preview":"max-image-preview:large","max-video-preview":"max-video-preview:-1"},"canonical":"https:\/\/sportcollection.al\/sq\/produkt\/bluze-me-kapuc-big-logo-adidas\/","og_locale":"sq_AL","og_type":"article","og_title":"Bluze me Kapuc - Sport Collection","og_description":"N\u00eb Sport Collection, ju do t\u00eb gjeni nj\u00eb gam\u00eb t\u00eb gjer\u00eb t\u00eb bluzave me kapuc p\u00ebr meshkuj dhe femra. Bluza me kapuc jan\u00eb t\u00eb rehatshme, t\u00eb ngrohta dhe t\u00eb mod\u00ebs.","og_url":"https:\/\/sportcollection.al\/sq\/produkt\/bluze-me-kapuc-big-logo-adidas\/","og_site_name":"Sport-Collection","article_publisher":"https:\/\/www.facebook.com\/SportCollectionAlbania","article_modified_time":"2024-02-01T01:09:34+00:00","og_image":[{"width":751,"height":751,"url":"https:\/\/sportcollection.al\/wp-content\/uploads\/2024\/02\/IMG-20240130-WA0013.jpg","type":"image\/jpeg"}],"twitter_card":"summary_large_image","twitter_misc":{"Est. reading time":"1 minut\u00eb"},"schema":{"@context":"https:\/\/schema.org","@graph":[{"@type":"WebPage","@id":"https:\/\/sportcollection.al\/product\/bluze-me-kapuc-big-logo-adidas\/","url":"https:\/\/sportcollection.al\/product\/bluze-me-kapuc-big-logo-adidas\/","name":"Bluze me Kapuc - Sport Collection","isPartOf":{"@id":"https:\/\/sportcollection.al\/#website"},"primaryImageOfPage":{"@id":"https:\/\/sportcollection.al\/product\/bluze-me-kapuc-big-logo-adidas\/#primaryimage"},"image":{"@id":"https:\/\/sportcollection.al\/product\/bluze-me-kapuc-big-logo-adidas\/#primaryimage"},"thumbnailUrl":"https:\/\/sportcollection.al\/wp-content\/uploads\/2024\/02\/IMG-20240130-WA0013.jpg","datePublished":"2024-02-01T00:50:27+00:00","dateModified":"2024-02-01T01:09:34+00:00","description":"N\u00eb Sport Collection, ju do t\u00eb gjeni nj\u00eb gam\u00eb t\u00eb gjer\u00eb t\u00eb bluzave me kapuc p\u00ebr meshkuj dhe femra. Bluza me kapuc jan\u00eb t\u00eb rehatshme, t\u00eb ngrohta dhe t\u00eb mod\u00ebs.","breadcrumb":{"@id":"https:\/\/sportcollection.al\/product\/bluze-me-kapuc-big-logo-adidas\/#breadcrumb"},"inLanguage":"sq","potentialAction":[{"@type":"ReadAction","target":["https:\/\/sportcollection.al\/product\/bluze-me-kapuc-big-logo-adidas\/"]}]},{"@type":"ImageObject","inLanguage":"sq","@id":"https:\/\/sportcollection.al\/product\/bluze-me-kapuc-big-logo-adidas\/#primaryimage","url":"https:\/\/sportcollection.al\/wp-content\/uploads\/2024\/02\/IMG-20240130-WA0013.jpg","contentUrl":"https:\/\/sportcollection.al\/wp-content\/uploads\/2024\/02\/IMG-20240130-WA0013.jpg","width":751,"height":751,"caption":"bluze me kapuc"},{"@type":"BreadcrumbList","@id":"https:\/\/sportcollection.al\/product\/bluze-me-kapuc-big-logo-adidas\/#breadcrumb","itemListElement":[{"@type":"ListItem","position":1,"name":"Home","item":"https:\/\/sportcollection.al\/"},{"@type":"ListItem","position":2,"name":"Shop","item":"https:\/\/sportcollection.al\/shop-2\/"},{"@type":"ListItem","position":3,"name":"BLUZE ME KAPUC BIG LOGO ADIDAS"}]},{"@type":"WebSite","@id":"https:\/\/sportcollection.al\/#website","url":"https:\/\/sportcollection.al\/","name":"Sport-Collection","description":"","publisher":{"@id":"https:\/\/sportcollection.al\/#organization"},"potentialAction":[{"@type":"SearchAction","target":{"@type":"EntryPoint","urlTemplate":"https:\/\/sportcollection.al\/?s={search_term_string}"},"query-input":{"@type":"PropertyValueSpecification","valueRequired":true,"valueName":"search_term_string"}}],"inLanguage":"sq"},{"@type":"Organization","@id":"https:\/\/sportcollection.al\/#organization","name":"Sport-Collection","url":"https:\/\/sportcollection.al\/","logo":{"@type":"ImageObject","inLanguage":"sq","@id":"https:\/\/sportcollection.al\/#\/schema\/logo\/image\/","url":"https:\/\/sportcollection.al\/wp-content\/uploads\/2022\/07\/sport-collection-png-1.png","contentUrl":"https:\/\/sportcollection.al\/wp-content\/uploads\/2022\/07\/sport-collection-png-1.png","width":900,"height":129,"caption":"Sport-Collection"},"image":{"@id":"https:\/\/sportcollection.al\/#\/schema\/logo\/image\/"},"sameAs":["https:\/\/www.facebook.com\/SportCollectionAlbania","https:\/\/www.instagram.com\/sport_collection_gjirokaster?utm_source=ig_web_button_share_sheet&igsh=ZDNlZDc0MzIxNw=="]}]}},"_links":{"self":[{"href":"https:\/\/sportcollection.al\/sq\/wp-json\/wp\/v2\/product\/5978","targetHints":{"allow":["GET"]}}],"collection":[{"href":"https:\/\/sportcollection.al\/sq\/wp-json\/wp\/v2\/product"}],"about":[{"href":"https:\/\/sportcollection.al\/sq\/wp-json\/wp\/v2\/types\/product"}],"replies":[{"embeddable":true,"href":"https:\/\/sportcollection.al\/sq\/wp-json\/wp\/v2\/comments?post=5978"}],"wp:featuredmedia":[{"embeddable":true,"href":"https:\/\/sportcollection.al\/sq\/wp-json\/wp\/v2\/media\/5981"}],"wp:attachment":[{"href":"https:\/\/sportcollection.al\/sq\/wp-json\/wp\/v2\/media?parent=5978"}],"wp:term":[{"taxonomy":"product_brand","embeddable":true,"href":"https:\/\/sportcollection.al\/sq\/wp-json\/wp\/v2\/product_brand?post=5978"},{"taxonomy":"product_cat","embeddable":true,"href":"https:\/\/sportcollection.al\/sq\/wp-json\/wp\/v2\/product_cat?post=5978"},{"taxonomy":"product_tag","embeddable":true,"href":"https:\/\/sportcollection.al\/sq\/wp-json\/wp\/v2\/product_tag?post=5978"}],"curies":[{"name":"wp","href":"https:\/\/api.w.org\/{rel}","templated":true}]}}