{"id":5990,"date":"2024-02-01T17:17:52","date_gmt":"2024-02-01T17:17:52","guid":{"rendered":"https:\/\/sportcollection.al\/?post_type=product&#038;p=5990"},"modified":"2024-02-02T23:52:00","modified_gmt":"2024-02-02T23:52:00","slug":"atlete-tensaur-run-2-0-adidas","status":"publish","type":"product","link":"https:\/\/sportcollection.al\/sq\/produkt\/atlete-tensaur-run-2-0-adidas\/","title":{"rendered":"ATLETE TENSAUR RUN 2.0 ADIDAS"},"content":{"rendered":"<p><strong>Madh\u00ebsi<\/strong><br \/>\n19, 20, 21, 22, 23, 23-1\/2, 24, 25, 25-1\/2, 26, 26-1\/2, 27<\/p>\n<p>K\u00ebto atlete adidas mbyllen me ngjit\u00ebse \u00e7&#8217;ka t\u00eb lejon t&#8217;ia vesh\u00ebsh e t&#8217;ia heq\u00ebsh ato vog\u00eblushit t\u00ebnd pa humbur koh\u00eb. Sholla EVA ofron suportin e nevojsh\u00ebm p\u00ebr t\u00eb luajtur, p\u00ebr t&#8217;u kacavjerr\u00eb e p\u00ebr t\u00eb hedhur hapat e par\u00eb duke i kthyer k\u00ebto atlete n\u00eb shoq\u00ebrueset ideale n\u00eb aventurat e tyre t\u00eb p\u00ebrditshm\u00ebris\u00eb.<\/p>\n<p>Krijuar me nj\u00eb s\u00ebr\u00eb materialesh t\u00eb ricikluara, me t\u00eb pakt\u00ebn 50% p\u00ebrmbajtje t\u00eb ricikluar, ky produkt p\u00ebrb\u00ebn nj\u00eb nga zgjidhjet, pjes\u00eb e kontributit global, p\u00ebr tu dh\u00ebn\u00eb fund mbetjeve plastike.<\/p>\n<h5>Specifikime<\/h5>\n<ul>\n<li>Prerje e rregullt<\/li>\n<li>Mbyllen me ngjit\u00ebse<\/li>\n<li>Pjesa e sip\u00ebrme me panele rrjet\u00eb<\/li>\n<li>Veshje e brendshme tekstil<\/li>\n<li>Pjesa rreth mbylljes me p\u00ebrforcim<\/li>\n<li>Sholl\u00eb EVA nj\u00eb nj\u00ebsi e vetme<\/li>\n<\/ul>\n<p>&nbsp;<\/p>","protected":false},"excerpt":{"rendered":"<h4>Kodi: <strong>GZ5854<\/strong><\/h4>\n<p>ATLETE ADIDAS TEJET KOMODE P\u00cbR BEBE<\/p>","protected":false},"featured_media":5992,"comment_status":"open","ping_status":"closed","template":"","meta":{"site-sidebar-layout":"default","site-content-layout":"","ast-site-content-layout":"default","site-content-style":"default","site-sidebar-style":"default","ast-global-header-display":"","ast-banner-title-visibility":"","ast-main-header-display":"","ast-hfb-above-header-display":"","ast-hfb-below-header-display":"","ast-hfb-mobile-header-display":"","site-post-title":"","ast-breadcrumbs-content":"","ast-featured-img":"","footer-sml-layout":"","theme-transparent-header-meta":"default","adv-header-id-meta":"","stick-header-meta":"","header-above-stick-meta":"","header-main-stick-meta":"","header-below-stick-meta":"","astra-migrate-meta-layouts":"set","ast-page-background-enabled":"default","ast-page-background-meta":{"desktop":{"background-color":"","background-image":"","background-repeat":"repeat","background-position":"center center","background-size":"auto","background-attachment":"scroll","background-type":"","background-media":"","overlay-type":"","overlay-color":"","overlay-gradient":""},"tablet":{"background-color":"","background-image":"","background-repeat":"repeat","background-position":"center center","background-size":"auto","background-attachment":"scroll","background-type":"","background-media":"","overlay-type":"","overlay-color":"","overlay-gradient":""},"mobile":{"background-color":"","background-image":"","background-repeat":"repeat","background-position":"center center","background-size":"auto","background-attachment":"scroll","background-type":"","background-media":"","overlay-type":"","overlay-color":"","overlay-gradient":""}},"ast-content-background-meta":{"desktop":{"background-color":"var(--ast-global-color-5)","background-image":"","background-repeat":"repeat","background-position":"center center","background-size":"auto","background-attachment":"scroll","background-type":"","background-media":"","overlay-type":"","overlay-color":"","overlay-gradient":""},"tablet":{"background-color":"var(--ast-global-color-5)","background-image":"","background-repeat":"repeat","background-position":"center center","background-size":"auto","background-attachment":"scroll","background-type":"","background-media":"","overlay-type":"","overlay-color":"","overlay-gradient":""},"mobile":{"background-color":"var(--ast-global-color-5)","background-image":"","background-repeat":"repeat","background-position":"center center","background-size":"auto","background-attachment":"scroll","background-type":"","background-media":"","overlay-type":"","overlay-color":"","overlay-gradient":""}}},"product_brand":[],"product_cat":[16,40],"product_tag":[],"class_list":{"0":"post-5990","1":"product","2":"type-product","3":"status-publish","4":"has-post-thumbnail","6":"product_cat-shoes","7":"product_cat-for-girl","8":"desktop-align-center","9":"tablet-align-center","10":"mobile-align-center","12":"first","13":"instock","14":"sale","15":"shipping-taxable","16":"purchasable","17":"product-type-simple"},"yoast_head":"<!-- This site is optimized with the Yoast SEO plugin v26.8 - https:\/\/yoast.com\/product\/yoast-seo-wordpress\/ -->\n<title>Atlete per Femije - Sport Collection<\/title>\n<meta name=\"description\" content=\"Zbuloni koleksionin ton\u00eb t\u00eb atleteve p\u00ebr f\u00ebmij\u00eb p\u00ebr vajza n\u00eb Sport Collection. Ofrojm\u00eb atlete t\u00eb cil\u00ebsis\u00eb s\u00eb lart\u00eb, t\u00eb rehatshme dhe t\u00eb mod\u00ebs.\" \/>\n<meta name=\"robots\" content=\"index, follow, max-snippet:-1, max-image-preview:large, max-video-preview:-1\" \/>\n<link rel=\"canonical\" href=\"https:\/\/sportcollection.al\/sq\/produkt\/atlete-tensaur-run-2-0-adidas\/\" \/>\n<meta property=\"og:locale\" content=\"sq_AL\" \/>\n<meta property=\"og:type\" content=\"article\" \/>\n<meta property=\"og:title\" content=\"Atlete per Femije - Sport Collection\" \/>\n<meta property=\"og:description\" content=\"Zbuloni koleksionin ton\u00eb t\u00eb atleteve p\u00ebr f\u00ebmij\u00eb p\u00ebr vajza n\u00eb Sport Collection. Ofrojm\u00eb atlete t\u00eb cil\u00ebsis\u00eb s\u00eb lart\u00eb, t\u00eb rehatshme dhe t\u00eb mod\u00ebs.\" \/>\n<meta property=\"og:url\" content=\"https:\/\/sportcollection.al\/sq\/produkt\/atlete-tensaur-run-2-0-adidas\/\" \/>\n<meta property=\"og:site_name\" content=\"Sport-Collection\" \/>\n<meta property=\"article:publisher\" content=\"https:\/\/www.facebook.com\/SportCollectionAlbania\" \/>\n<meta property=\"article:modified_time\" content=\"2024-02-02T23:52:00+00:00\" \/>\n<meta property=\"og:image\" content=\"https:\/\/sportcollection.al\/wp-content\/uploads\/2024\/02\/IMG-20240130-WA0020.jpg\" \/>\n\t<meta property=\"og:image:width\" content=\"751\" \/>\n\t<meta property=\"og:image:height\" content=\"751\" \/>\n\t<meta property=\"og:image:type\" content=\"image\/jpeg\" \/>\n<meta name=\"twitter:card\" content=\"summary_large_image\" \/>\n<meta name=\"twitter:label1\" content=\"Est. reading time\" \/>\n\t<meta name=\"twitter:data1\" content=\"1 minut\u00eb\" \/>\n<script type=\"application\/ld+json\" class=\"yoast-schema-graph\">{\"@context\":\"https:\/\/schema.org\",\"@graph\":[{\"@type\":\"WebPage\",\"@id\":\"https:\/\/sportcollection.al\/product\/atlete-tensaur-run-2-0-adidas\/\",\"url\":\"https:\/\/sportcollection.al\/product\/atlete-tensaur-run-2-0-adidas\/\",\"name\":\"Atlete per Femije - Sport Collection\",\"isPartOf\":{\"@id\":\"https:\/\/sportcollection.al\/#website\"},\"primaryImageOfPage\":{\"@id\":\"https:\/\/sportcollection.al\/product\/atlete-tensaur-run-2-0-adidas\/#primaryimage\"},\"image\":{\"@id\":\"https:\/\/sportcollection.al\/product\/atlete-tensaur-run-2-0-adidas\/#primaryimage\"},\"thumbnailUrl\":\"https:\/\/sportcollection.al\/wp-content\/uploads\/2024\/02\/IMG-20240130-WA0020.jpg\",\"datePublished\":\"2024-02-01T17:17:52+00:00\",\"dateModified\":\"2024-02-02T23:52:00+00:00\",\"description\":\"Zbuloni koleksionin ton\u00eb t\u00eb atleteve p\u00ebr f\u00ebmij\u00eb p\u00ebr vajza n\u00eb Sport Collection. Ofrojm\u00eb atlete t\u00eb cil\u00ebsis\u00eb s\u00eb lart\u00eb, t\u00eb rehatshme dhe t\u00eb mod\u00ebs.\",\"breadcrumb\":{\"@id\":\"https:\/\/sportcollection.al\/product\/atlete-tensaur-run-2-0-adidas\/#breadcrumb\"},\"inLanguage\":\"sq\",\"potentialAction\":[{\"@type\":\"ReadAction\",\"target\":[\"https:\/\/sportcollection.al\/product\/atlete-tensaur-run-2-0-adidas\/\"]}]},{\"@type\":\"ImageObject\",\"inLanguage\":\"sq\",\"@id\":\"https:\/\/sportcollection.al\/product\/atlete-tensaur-run-2-0-adidas\/#primaryimage\",\"url\":\"https:\/\/sportcollection.al\/wp-content\/uploads\/2024\/02\/IMG-20240130-WA0020.jpg\",\"contentUrl\":\"https:\/\/sportcollection.al\/wp-content\/uploads\/2024\/02\/IMG-20240130-WA0020.jpg\",\"width\":751,\"height\":751,\"caption\":\"atlete per femije\"},{\"@type\":\"BreadcrumbList\",\"@id\":\"https:\/\/sportcollection.al\/product\/atlete-tensaur-run-2-0-adidas\/#breadcrumb\",\"itemListElement\":[{\"@type\":\"ListItem\",\"position\":1,\"name\":\"Home\",\"item\":\"https:\/\/sportcollection.al\/\"},{\"@type\":\"ListItem\",\"position\":2,\"name\":\"Shop\",\"item\":\"https:\/\/sportcollection.al\/shop-2\/\"},{\"@type\":\"ListItem\",\"position\":3,\"name\":\"ATLETE TENSAUR RUN 2.0 ADIDAS\"}]},{\"@type\":\"WebSite\",\"@id\":\"https:\/\/sportcollection.al\/#website\",\"url\":\"https:\/\/sportcollection.al\/\",\"name\":\"Sport-Collection\",\"description\":\"\",\"publisher\":{\"@id\":\"https:\/\/sportcollection.al\/#organization\"},\"potentialAction\":[{\"@type\":\"SearchAction\",\"target\":{\"@type\":\"EntryPoint\",\"urlTemplate\":\"https:\/\/sportcollection.al\/?s={search_term_string}\"},\"query-input\":{\"@type\":\"PropertyValueSpecification\",\"valueRequired\":true,\"valueName\":\"search_term_string\"}}],\"inLanguage\":\"sq\"},{\"@type\":\"Organization\",\"@id\":\"https:\/\/sportcollection.al\/#organization\",\"name\":\"Sport-Collection\",\"url\":\"https:\/\/sportcollection.al\/\",\"logo\":{\"@type\":\"ImageObject\",\"inLanguage\":\"sq\",\"@id\":\"https:\/\/sportcollection.al\/#\/schema\/logo\/image\/\",\"url\":\"https:\/\/sportcollection.al\/wp-content\/uploads\/2022\/07\/sport-collection-png-1.png\",\"contentUrl\":\"https:\/\/sportcollection.al\/wp-content\/uploads\/2022\/07\/sport-collection-png-1.png\",\"width\":900,\"height\":129,\"caption\":\"Sport-Collection\"},\"image\":{\"@id\":\"https:\/\/sportcollection.al\/#\/schema\/logo\/image\/\"},\"sameAs\":[\"https:\/\/www.facebook.com\/SportCollectionAlbania\",\"https:\/\/www.instagram.com\/sport_collection_gjirokaster?utm_source=ig_web_button_share_sheet&igsh=ZDNlZDc0MzIxNw==\"]}]}<\/script>\n<!-- \/ Yoast SEO plugin. -->","yoast_head_json":{"title":"Atlete per Femije - Sport Collection","description":"Zbuloni koleksionin ton\u00eb t\u00eb atleteve p\u00ebr f\u00ebmij\u00eb p\u00ebr vajza n\u00eb Sport Collection. Ofrojm\u00eb atlete t\u00eb cil\u00ebsis\u00eb s\u00eb lart\u00eb, t\u00eb rehatshme dhe t\u00eb mod\u00ebs.","robots":{"index":"index","follow":"follow","max-snippet":"max-snippet:-1","max-image-preview":"max-image-preview:large","max-video-preview":"max-video-preview:-1"},"canonical":"https:\/\/sportcollection.al\/sq\/produkt\/atlete-tensaur-run-2-0-adidas\/","og_locale":"sq_AL","og_type":"article","og_title":"Atlete per Femije - Sport Collection","og_description":"Zbuloni koleksionin ton\u00eb t\u00eb atleteve p\u00ebr f\u00ebmij\u00eb p\u00ebr vajza n\u00eb Sport Collection. Ofrojm\u00eb atlete t\u00eb cil\u00ebsis\u00eb s\u00eb lart\u00eb, t\u00eb rehatshme dhe t\u00eb mod\u00ebs.","og_url":"https:\/\/sportcollection.al\/sq\/produkt\/atlete-tensaur-run-2-0-adidas\/","og_site_name":"Sport-Collection","article_publisher":"https:\/\/www.facebook.com\/SportCollectionAlbania","article_modified_time":"2024-02-02T23:52:00+00:00","og_image":[{"width":751,"height":751,"url":"https:\/\/sportcollection.al\/wp-content\/uploads\/2024\/02\/IMG-20240130-WA0020.jpg","type":"image\/jpeg"}],"twitter_card":"summary_large_image","twitter_misc":{"Est. reading time":"1 minut\u00eb"},"schema":{"@context":"https:\/\/schema.org","@graph":[{"@type":"WebPage","@id":"https:\/\/sportcollection.al\/product\/atlete-tensaur-run-2-0-adidas\/","url":"https:\/\/sportcollection.al\/product\/atlete-tensaur-run-2-0-adidas\/","name":"Atlete per Femije - Sport Collection","isPartOf":{"@id":"https:\/\/sportcollection.al\/#website"},"primaryImageOfPage":{"@id":"https:\/\/sportcollection.al\/product\/atlete-tensaur-run-2-0-adidas\/#primaryimage"},"image":{"@id":"https:\/\/sportcollection.al\/product\/atlete-tensaur-run-2-0-adidas\/#primaryimage"},"thumbnailUrl":"https:\/\/sportcollection.al\/wp-content\/uploads\/2024\/02\/IMG-20240130-WA0020.jpg","datePublished":"2024-02-01T17:17:52+00:00","dateModified":"2024-02-02T23:52:00+00:00","description":"Zbuloni koleksionin ton\u00eb t\u00eb atleteve p\u00ebr f\u00ebmij\u00eb p\u00ebr vajza n\u00eb Sport Collection. Ofrojm\u00eb atlete t\u00eb cil\u00ebsis\u00eb s\u00eb lart\u00eb, t\u00eb rehatshme dhe t\u00eb mod\u00ebs.","breadcrumb":{"@id":"https:\/\/sportcollection.al\/product\/atlete-tensaur-run-2-0-adidas\/#breadcrumb"},"inLanguage":"sq","potentialAction":[{"@type":"ReadAction","target":["https:\/\/sportcollection.al\/product\/atlete-tensaur-run-2-0-adidas\/"]}]},{"@type":"ImageObject","inLanguage":"sq","@id":"https:\/\/sportcollection.al\/product\/atlete-tensaur-run-2-0-adidas\/#primaryimage","url":"https:\/\/sportcollection.al\/wp-content\/uploads\/2024\/02\/IMG-20240130-WA0020.jpg","contentUrl":"https:\/\/sportcollection.al\/wp-content\/uploads\/2024\/02\/IMG-20240130-WA0020.jpg","width":751,"height":751,"caption":"atlete per femije"},{"@type":"BreadcrumbList","@id":"https:\/\/sportcollection.al\/product\/atlete-tensaur-run-2-0-adidas\/#breadcrumb","itemListElement":[{"@type":"ListItem","position":1,"name":"Home","item":"https:\/\/sportcollection.al\/"},{"@type":"ListItem","position":2,"name":"Shop","item":"https:\/\/sportcollection.al\/shop-2\/"},{"@type":"ListItem","position":3,"name":"ATLETE TENSAUR RUN 2.0 ADIDAS"}]},{"@type":"WebSite","@id":"https:\/\/sportcollection.al\/#website","url":"https:\/\/sportcollection.al\/","name":"Sport-Collection","description":"","publisher":{"@id":"https:\/\/sportcollection.al\/#organization"},"potentialAction":[{"@type":"SearchAction","target":{"@type":"EntryPoint","urlTemplate":"https:\/\/sportcollection.al\/?s={search_term_string}"},"query-input":{"@type":"PropertyValueSpecification","valueRequired":true,"valueName":"search_term_string"}}],"inLanguage":"sq"},{"@type":"Organization","@id":"https:\/\/sportcollection.al\/#organization","name":"Sport-Collection","url":"https:\/\/sportcollection.al\/","logo":{"@type":"ImageObject","inLanguage":"sq","@id":"https:\/\/sportcollection.al\/#\/schema\/logo\/image\/","url":"https:\/\/sportcollection.al\/wp-content\/uploads\/2022\/07\/sport-collection-png-1.png","contentUrl":"https:\/\/sportcollection.al\/wp-content\/uploads\/2022\/07\/sport-collection-png-1.png","width":900,"height":129,"caption":"Sport-Collection"},"image":{"@id":"https:\/\/sportcollection.al\/#\/schema\/logo\/image\/"},"sameAs":["https:\/\/www.facebook.com\/SportCollectionAlbania","https:\/\/www.instagram.com\/sport_collection_gjirokaster?utm_source=ig_web_button_share_sheet&igsh=ZDNlZDc0MzIxNw=="]}]}},"_links":{"self":[{"href":"https:\/\/sportcollection.al\/sq\/wp-json\/wp\/v2\/product\/5990","targetHints":{"allow":["GET"]}}],"collection":[{"href":"https:\/\/sportcollection.al\/sq\/wp-json\/wp\/v2\/product"}],"about":[{"href":"https:\/\/sportcollection.al\/sq\/wp-json\/wp\/v2\/types\/product"}],"replies":[{"embeddable":true,"href":"https:\/\/sportcollection.al\/sq\/wp-json\/wp\/v2\/comments?post=5990"}],"wp:featuredmedia":[{"embeddable":true,"href":"https:\/\/sportcollection.al\/sq\/wp-json\/wp\/v2\/media\/5992"}],"wp:attachment":[{"href":"https:\/\/sportcollection.al\/sq\/wp-json\/wp\/v2\/media?parent=5990"}],"wp:term":[{"taxonomy":"product_brand","embeddable":true,"href":"https:\/\/sportcollection.al\/sq\/wp-json\/wp\/v2\/product_brand?post=5990"},{"taxonomy":"product_cat","embeddable":true,"href":"https:\/\/sportcollection.al\/sq\/wp-json\/wp\/v2\/product_cat?post=5990"},{"taxonomy":"product_tag","embeddable":true,"href":"https:\/\/sportcollection.al\/sq\/wp-json\/wp\/v2\/product_tag?post=5990"}],"curies":[{"name":"wp","href":"https:\/\/api.w.org\/{rel}","templated":true}]}}