{"id":6153,"date":"2024-02-03T22:11:36","date_gmt":"2024-02-03T22:11:36","guid":{"rendered":"https:\/\/sportcollection.al\/?post_type=product&#038;p=6153"},"modified":"2024-02-10T23:54:59","modified_gmt":"2024-02-10T23:54:59","slug":"bluze-me-menge-te-gjata-adidas","status":"publish","type":"product","link":"https:\/\/sportcollection.al\/sq\/produkt\/bluze-me-menge-te-gjata-adidas\/","title":{"rendered":"BLUZE ME MENGE TE GJATA  ADIDAS"},"content":{"rendered":"<p><strong>Madh\u00ebsi:<\/strong> S | M | L | XL<\/p>\n<p>Kjo bluz\u00eb do kthehet n\u00eb zgjedhjen kryesore t\u00eb garderob\u00ebs suaj me veshje casuale. Kjo bluz\u00eb adidas ka pambuk n\u00eb p\u00ebrb\u00ebrje p\u00ebr nj\u00eb ndjesi komode. \u00cbsht\u00eb nj\u00eb bluz\u00eb komode rrug\u00ebs p\u00ebr n\u00eb palest\u00ebr apo kur po \u00e7lodheni n\u00eb sht\u00ebpi. Visheni me pantallona t\u00eb trasha p\u00ebr ngroht\u00ebsi t\u00eb dyfisht\u00eb.<\/p>\n<h6>Specifikime<\/h6>\n<ul>\n<li>Prerje e gjer\u00eb<\/li>\n<li>Jak\u00eb rrumbullake elastike<\/li>\n<li>80% pambuk, 20% poliest\u00ebr e ricikluar<\/li>\n<li>Fund dhe m\u00ebng\u00eb elastike<\/li>\n<li>Krijuar me Better Cotton<\/li>\n<\/ul>","protected":false},"excerpt":{"rendered":"<h6>Kodi: IJ9440<\/h6>\n<p>BLUZ\u00cb E BUT\u00cb DHE KOMODE<\/p>","protected":false},"featured_media":6154,"comment_status":"open","ping_status":"closed","template":"","meta":{"site-sidebar-layout":"default","site-content-layout":"","ast-site-content-layout":"default","site-content-style":"default","site-sidebar-style":"default","ast-global-header-display":"","ast-banner-title-visibility":"","ast-main-header-display":"","ast-hfb-above-header-display":"","ast-hfb-below-header-display":"","ast-hfb-mobile-header-display":"","site-post-title":"","ast-breadcrumbs-content":"","ast-featured-img":"","footer-sml-layout":"","theme-transparent-header-meta":"default","adv-header-id-meta":"","stick-header-meta":"","header-above-stick-meta":"","header-main-stick-meta":"","header-below-stick-meta":"","astra-migrate-meta-layouts":"set","ast-page-background-enabled":"default","ast-page-background-meta":{"desktop":{"background-color":"","background-image":"","background-repeat":"repeat","background-position":"center center","background-size":"auto","background-attachment":"scroll","background-type":"","background-media":"","overlay-type":"","overlay-color":"","overlay-gradient":""},"tablet":{"background-color":"","background-image":"","background-repeat":"repeat","background-position":"center center","background-size":"auto","background-attachment":"scroll","background-type":"","background-media":"","overlay-type":"","overlay-color":"","overlay-gradient":""},"mobile":{"background-color":"","background-image":"","background-repeat":"repeat","background-position":"center center","background-size":"auto","background-attachment":"scroll","background-type":"","background-media":"","overlay-type":"","overlay-color":"","overlay-gradient":""}},"ast-content-background-meta":{"desktop":{"background-color":"var(--ast-global-color-5)","background-image":"","background-repeat":"repeat","background-position":"center center","background-size":"auto","background-attachment":"scroll","background-type":"","background-media":"","overlay-type":"","overlay-color":"","overlay-gradient":""},"tablet":{"background-color":"var(--ast-global-color-5)","background-image":"","background-repeat":"repeat","background-position":"center center","background-size":"auto","background-attachment":"scroll","background-type":"","background-media":"","overlay-type":"","overlay-color":"","overlay-gradient":""},"mobile":{"background-color":"var(--ast-global-color-5)","background-image":"","background-repeat":"repeat","background-position":"center center","background-size":"auto","background-attachment":"scroll","background-type":"","background-media":"","overlay-type":"","overlay-color":"","overlay-gradient":""}}},"product_brand":[],"product_cat":[39,36],"product_tag":[],"class_list":{"0":"post-6153","1":"product","2":"type-product","3":"status-publish","4":"has-post-thumbnail","6":"product_cat-for-boy","7":"product_cat-shirt","8":"desktop-align-center","9":"tablet-align-center","10":"mobile-align-center","12":"first","13":"instock","14":"sale","15":"shipping-taxable","16":"purchasable","17":"product-type-simple"},"yoast_head":"<!-- This site is optimized with the Yoast SEO plugin v26.8 - https:\/\/yoast.com\/product\/yoast-seo-wordpress\/ -->\n<title>BLUZE ME MENGE TE GJATA ADIDAS - Sport Collection<\/title>\n<meta name=\"description\" content=\"N\u00ebse jeni n\u00eb k\u00ebrkim t\u00eb nj\u00eb bluze me menge te gjata, ju do t\u00eb gjeni shum\u00eb opsione n\u00eb koleksionin ton\u00eb online. Ne ofrojm\u00eb bluze me m\u00ebng\u00eb t\u00eb gjata, etj.\" \/>\n<meta name=\"robots\" content=\"index, follow, max-snippet:-1, max-image-preview:large, max-video-preview:-1\" \/>\n<link rel=\"canonical\" href=\"https:\/\/sportcollection.al\/sq\/produkt\/bluze-me-menge-te-gjata-adidas\/\" \/>\n<meta property=\"og:locale\" content=\"sq_AL\" \/>\n<meta property=\"og:type\" content=\"article\" \/>\n<meta property=\"og:title\" content=\"BLUZE ME MENGE TE GJATA ADIDAS - Sport Collection\" \/>\n<meta property=\"og:description\" content=\"N\u00ebse jeni n\u00eb k\u00ebrkim t\u00eb nj\u00eb bluze me menge te gjata, ju do t\u00eb gjeni shum\u00eb opsione n\u00eb koleksionin ton\u00eb online. Ne ofrojm\u00eb bluze me m\u00ebng\u00eb t\u00eb gjata, etj.\" \/>\n<meta property=\"og:url\" content=\"https:\/\/sportcollection.al\/sq\/produkt\/bluze-me-menge-te-gjata-adidas\/\" \/>\n<meta property=\"og:site_name\" content=\"Sport-Collection\" \/>\n<meta property=\"article:publisher\" content=\"https:\/\/www.facebook.com\/SportCollectionAlbania\" \/>\n<meta property=\"article:modified_time\" content=\"2024-02-10T23:54:59+00:00\" \/>\n<meta property=\"og:image\" content=\"https:\/\/sportcollection.al\/wp-content\/uploads\/2024\/02\/IMG-20240202-WA0013.jpg\" \/>\n\t<meta property=\"og:image:width\" content=\"751\" \/>\n\t<meta property=\"og:image:height\" content=\"751\" \/>\n\t<meta property=\"og:image:type\" content=\"image\/jpeg\" \/>\n<meta name=\"twitter:card\" content=\"summary_large_image\" \/>\n<meta name=\"twitter:label1\" content=\"Est. reading time\" \/>\n\t<meta name=\"twitter:data1\" content=\"1 minut\u00eb\" \/>\n<script type=\"application\/ld+json\" class=\"yoast-schema-graph\">{\"@context\":\"https:\/\/schema.org\",\"@graph\":[{\"@type\":\"WebPage\",\"@id\":\"https:\/\/sportcollection.al\/product\/bluze-me-menge-te-gjata-adidas\/\",\"url\":\"https:\/\/sportcollection.al\/product\/bluze-me-menge-te-gjata-adidas\/\",\"name\":\"BLUZE ME MENGE TE GJATA ADIDAS - Sport Collection\",\"isPartOf\":{\"@id\":\"https:\/\/sportcollection.al\/#website\"},\"primaryImageOfPage\":{\"@id\":\"https:\/\/sportcollection.al\/product\/bluze-me-menge-te-gjata-adidas\/#primaryimage\"},\"image\":{\"@id\":\"https:\/\/sportcollection.al\/product\/bluze-me-menge-te-gjata-adidas\/#primaryimage\"},\"thumbnailUrl\":\"https:\/\/sportcollection.al\/wp-content\/uploads\/2024\/02\/IMG-20240202-WA0013.jpg\",\"datePublished\":\"2024-02-03T22:11:36+00:00\",\"dateModified\":\"2024-02-10T23:54:59+00:00\",\"description\":\"N\u00ebse jeni n\u00eb k\u00ebrkim t\u00eb nj\u00eb bluze me menge te gjata, ju do t\u00eb gjeni shum\u00eb opsione n\u00eb koleksionin ton\u00eb online. Ne ofrojm\u00eb bluze me m\u00ebng\u00eb t\u00eb gjata, etj.\",\"breadcrumb\":{\"@id\":\"https:\/\/sportcollection.al\/product\/bluze-me-menge-te-gjata-adidas\/#breadcrumb\"},\"inLanguage\":\"sq\",\"potentialAction\":[{\"@type\":\"ReadAction\",\"target\":[\"https:\/\/sportcollection.al\/product\/bluze-me-menge-te-gjata-adidas\/\"]}]},{\"@type\":\"ImageObject\",\"inLanguage\":\"sq\",\"@id\":\"https:\/\/sportcollection.al\/product\/bluze-me-menge-te-gjata-adidas\/#primaryimage\",\"url\":\"https:\/\/sportcollection.al\/wp-content\/uploads\/2024\/02\/IMG-20240202-WA0013.jpg\",\"contentUrl\":\"https:\/\/sportcollection.al\/wp-content\/uploads\/2024\/02\/IMG-20240202-WA0013.jpg\",\"width\":751,\"height\":751,\"caption\":\"bluze\"},{\"@type\":\"BreadcrumbList\",\"@id\":\"https:\/\/sportcollection.al\/product\/bluze-me-menge-te-gjata-adidas\/#breadcrumb\",\"itemListElement\":[{\"@type\":\"ListItem\",\"position\":1,\"name\":\"Home\",\"item\":\"https:\/\/sportcollection.al\/\"},{\"@type\":\"ListItem\",\"position\":2,\"name\":\"Shop\",\"item\":\"https:\/\/sportcollection.al\/shop-2\/\"},{\"@type\":\"ListItem\",\"position\":3,\"name\":\"BLUZE ME MENGE TE GJATA ADIDAS\"}]},{\"@type\":\"WebSite\",\"@id\":\"https:\/\/sportcollection.al\/#website\",\"url\":\"https:\/\/sportcollection.al\/\",\"name\":\"Sport-Collection\",\"description\":\"\",\"publisher\":{\"@id\":\"https:\/\/sportcollection.al\/#organization\"},\"potentialAction\":[{\"@type\":\"SearchAction\",\"target\":{\"@type\":\"EntryPoint\",\"urlTemplate\":\"https:\/\/sportcollection.al\/?s={search_term_string}\"},\"query-input\":{\"@type\":\"PropertyValueSpecification\",\"valueRequired\":true,\"valueName\":\"search_term_string\"}}],\"inLanguage\":\"sq\"},{\"@type\":\"Organization\",\"@id\":\"https:\/\/sportcollection.al\/#organization\",\"name\":\"Sport-Collection\",\"url\":\"https:\/\/sportcollection.al\/\",\"logo\":{\"@type\":\"ImageObject\",\"inLanguage\":\"sq\",\"@id\":\"https:\/\/sportcollection.al\/#\/schema\/logo\/image\/\",\"url\":\"https:\/\/sportcollection.al\/wp-content\/uploads\/2022\/07\/sport-collection-png-1.png\",\"contentUrl\":\"https:\/\/sportcollection.al\/wp-content\/uploads\/2022\/07\/sport-collection-png-1.png\",\"width\":900,\"height\":129,\"caption\":\"Sport-Collection\"},\"image\":{\"@id\":\"https:\/\/sportcollection.al\/#\/schema\/logo\/image\/\"},\"sameAs\":[\"https:\/\/www.facebook.com\/SportCollectionAlbania\",\"https:\/\/www.instagram.com\/sport_collection_gjirokaster?utm_source=ig_web_button_share_sheet&igsh=ZDNlZDc0MzIxNw==\"]}]}<\/script>\n<!-- \/ Yoast SEO plugin. -->","yoast_head_json":{"title":"BLUZE ME MENGE TE GJATA ADIDAS - Sport Collection","description":"N\u00ebse jeni n\u00eb k\u00ebrkim t\u00eb nj\u00eb bluze me menge te gjata, ju do t\u00eb gjeni shum\u00eb opsione n\u00eb koleksionin ton\u00eb online. Ne ofrojm\u00eb bluze me m\u00ebng\u00eb t\u00eb gjata, etj.","robots":{"index":"index","follow":"follow","max-snippet":"max-snippet:-1","max-image-preview":"max-image-preview:large","max-video-preview":"max-video-preview:-1"},"canonical":"https:\/\/sportcollection.al\/sq\/produkt\/bluze-me-menge-te-gjata-adidas\/","og_locale":"sq_AL","og_type":"article","og_title":"BLUZE ME MENGE TE GJATA ADIDAS - Sport Collection","og_description":"N\u00ebse jeni n\u00eb k\u00ebrkim t\u00eb nj\u00eb bluze me menge te gjata, ju do t\u00eb gjeni shum\u00eb opsione n\u00eb koleksionin ton\u00eb online. Ne ofrojm\u00eb bluze me m\u00ebng\u00eb t\u00eb gjata, etj.","og_url":"https:\/\/sportcollection.al\/sq\/produkt\/bluze-me-menge-te-gjata-adidas\/","og_site_name":"Sport-Collection","article_publisher":"https:\/\/www.facebook.com\/SportCollectionAlbania","article_modified_time":"2024-02-10T23:54:59+00:00","og_image":[{"width":751,"height":751,"url":"https:\/\/sportcollection.al\/wp-content\/uploads\/2024\/02\/IMG-20240202-WA0013.jpg","type":"image\/jpeg"}],"twitter_card":"summary_large_image","twitter_misc":{"Est. reading time":"1 minut\u00eb"},"schema":{"@context":"https:\/\/schema.org","@graph":[{"@type":"WebPage","@id":"https:\/\/sportcollection.al\/product\/bluze-me-menge-te-gjata-adidas\/","url":"https:\/\/sportcollection.al\/product\/bluze-me-menge-te-gjata-adidas\/","name":"BLUZE ME MENGE TE GJATA ADIDAS - Sport Collection","isPartOf":{"@id":"https:\/\/sportcollection.al\/#website"},"primaryImageOfPage":{"@id":"https:\/\/sportcollection.al\/product\/bluze-me-menge-te-gjata-adidas\/#primaryimage"},"image":{"@id":"https:\/\/sportcollection.al\/product\/bluze-me-menge-te-gjata-adidas\/#primaryimage"},"thumbnailUrl":"https:\/\/sportcollection.al\/wp-content\/uploads\/2024\/02\/IMG-20240202-WA0013.jpg","datePublished":"2024-02-03T22:11:36+00:00","dateModified":"2024-02-10T23:54:59+00:00","description":"N\u00ebse jeni n\u00eb k\u00ebrkim t\u00eb nj\u00eb bluze me menge te gjata, ju do t\u00eb gjeni shum\u00eb opsione n\u00eb koleksionin ton\u00eb online. Ne ofrojm\u00eb bluze me m\u00ebng\u00eb t\u00eb gjata, etj.","breadcrumb":{"@id":"https:\/\/sportcollection.al\/product\/bluze-me-menge-te-gjata-adidas\/#breadcrumb"},"inLanguage":"sq","potentialAction":[{"@type":"ReadAction","target":["https:\/\/sportcollection.al\/product\/bluze-me-menge-te-gjata-adidas\/"]}]},{"@type":"ImageObject","inLanguage":"sq","@id":"https:\/\/sportcollection.al\/product\/bluze-me-menge-te-gjata-adidas\/#primaryimage","url":"https:\/\/sportcollection.al\/wp-content\/uploads\/2024\/02\/IMG-20240202-WA0013.jpg","contentUrl":"https:\/\/sportcollection.al\/wp-content\/uploads\/2024\/02\/IMG-20240202-WA0013.jpg","width":751,"height":751,"caption":"bluze"},{"@type":"BreadcrumbList","@id":"https:\/\/sportcollection.al\/product\/bluze-me-menge-te-gjata-adidas\/#breadcrumb","itemListElement":[{"@type":"ListItem","position":1,"name":"Home","item":"https:\/\/sportcollection.al\/"},{"@type":"ListItem","position":2,"name":"Shop","item":"https:\/\/sportcollection.al\/shop-2\/"},{"@type":"ListItem","position":3,"name":"BLUZE ME MENGE TE GJATA ADIDAS"}]},{"@type":"WebSite","@id":"https:\/\/sportcollection.al\/#website","url":"https:\/\/sportcollection.al\/","name":"Sport-Collection","description":"","publisher":{"@id":"https:\/\/sportcollection.al\/#organization"},"potentialAction":[{"@type":"SearchAction","target":{"@type":"EntryPoint","urlTemplate":"https:\/\/sportcollection.al\/?s={search_term_string}"},"query-input":{"@type":"PropertyValueSpecification","valueRequired":true,"valueName":"search_term_string"}}],"inLanguage":"sq"},{"@type":"Organization","@id":"https:\/\/sportcollection.al\/#organization","name":"Sport-Collection","url":"https:\/\/sportcollection.al\/","logo":{"@type":"ImageObject","inLanguage":"sq","@id":"https:\/\/sportcollection.al\/#\/schema\/logo\/image\/","url":"https:\/\/sportcollection.al\/wp-content\/uploads\/2022\/07\/sport-collection-png-1.png","contentUrl":"https:\/\/sportcollection.al\/wp-content\/uploads\/2022\/07\/sport-collection-png-1.png","width":900,"height":129,"caption":"Sport-Collection"},"image":{"@id":"https:\/\/sportcollection.al\/#\/schema\/logo\/image\/"},"sameAs":["https:\/\/www.facebook.com\/SportCollectionAlbania","https:\/\/www.instagram.com\/sport_collection_gjirokaster?utm_source=ig_web_button_share_sheet&igsh=ZDNlZDc0MzIxNw=="]}]}},"_links":{"self":[{"href":"https:\/\/sportcollection.al\/sq\/wp-json\/wp\/v2\/product\/6153","targetHints":{"allow":["GET"]}}],"collection":[{"href":"https:\/\/sportcollection.al\/sq\/wp-json\/wp\/v2\/product"}],"about":[{"href":"https:\/\/sportcollection.al\/sq\/wp-json\/wp\/v2\/types\/product"}],"replies":[{"embeddable":true,"href":"https:\/\/sportcollection.al\/sq\/wp-json\/wp\/v2\/comments?post=6153"}],"wp:featuredmedia":[{"embeddable":true,"href":"https:\/\/sportcollection.al\/sq\/wp-json\/wp\/v2\/media\/6154"}],"wp:attachment":[{"href":"https:\/\/sportcollection.al\/sq\/wp-json\/wp\/v2\/media?parent=6153"}],"wp:term":[{"taxonomy":"product_brand","embeddable":true,"href":"https:\/\/sportcollection.al\/sq\/wp-json\/wp\/v2\/product_brand?post=6153"},{"taxonomy":"product_cat","embeddable":true,"href":"https:\/\/sportcollection.al\/sq\/wp-json\/wp\/v2\/product_cat?post=6153"},{"taxonomy":"product_tag","embeddable":true,"href":"https:\/\/sportcollection.al\/sq\/wp-json\/wp\/v2\/product_tag?post=6153"}],"curies":[{"name":"wp","href":"https:\/\/api.w.org\/{rel}","templated":true}]}}