{"id":6184,"date":"2024-02-03T23:24:21","date_gmt":"2024-02-03T23:24:21","guid":{"rendered":"https:\/\/sportcollection.al\/?post_type=product&#038;p=6184"},"modified":"2024-02-10T13:48:43","modified_gmt":"2024-02-10T13:48:43","slug":"6184","status":"publish","type":"product","link":"https:\/\/sportcollection.al\/sq\/produkt\/6184\/","title":{"rendered":"ATLETE STRUTTER ADIDAS"},"content":{"rendered":"<p><strong>Madh\u00ebsi:<\/strong> 40 | 40-2\/3 | 41-1\/3 | 42 | 42-2\/3 | 43-1\/3 | 44 | 44-2\/3 | 45-1\/3<\/p>\n<p>Dizajni i k\u00ebtyre atleteve adidas mbetet i preferuar nga nj\u00eb gjenerat\u00eb n\u00eb tjetr\u00ebn. Kan\u00eb nj\u00eb siluet\u00eb komode dhe pjesa e sip\u00ebrme prej l\u00ebkure duket tep\u00ebr stil me 3 shiritat klasik\u00eb dhe detajet e tjera. Kan\u00eb nj\u00eb sholl\u00eb t\u00eb mesme t\u00eb ngritur dhe sholl\u00eb t\u00eb jashtme t\u00eb parr\u00ebshqitshme.<\/p>\n<h6>Specifikime<\/h6>\n<ul>\n<li>Prerje e rregullt<\/li>\n<li>Mbyllen me lidh\u00ebse<\/li>\n<li>Pjesa e sip\u00ebrme prej l\u00ebkure<\/li>\n<li>Pjesa e brendshme prej tekstili<\/li>\n<li>Sholl\u00eb e leht\u00eb\u00a0EVA\u00a0\u00a0Adibouncy<\/li>\n<\/ul>\n<p>&nbsp;<\/p>","protected":false},"excerpt":{"rendered":"<h6>Kodi: EG2656<\/h6>\n<p>ATLETE KOMODE P\u00cbR P\u00cbRDITSHM\u00cbRI<\/p>","protected":false},"featured_media":6185,"comment_status":"open","ping_status":"closed","template":"","meta":{"site-sidebar-layout":"default","site-content-layout":"","ast-site-content-layout":"default","site-content-style":"default","site-sidebar-style":"default","ast-global-header-display":"","ast-banner-title-visibility":"","ast-main-header-display":"","ast-hfb-above-header-display":"","ast-hfb-below-header-display":"","ast-hfb-mobile-header-display":"","site-post-title":"","ast-breadcrumbs-content":"","ast-featured-img":"","footer-sml-layout":"","theme-transparent-header-meta":"default","adv-header-id-meta":"","stick-header-meta":"","header-above-stick-meta":"","header-main-stick-meta":"","header-below-stick-meta":"","astra-migrate-meta-layouts":"set","ast-page-background-enabled":"default","ast-page-background-meta":{"desktop":{"background-color":"","background-image":"","background-repeat":"repeat","background-position":"center center","background-size":"auto","background-attachment":"scroll","background-type":"","background-media":"","overlay-type":"","overlay-color":"","overlay-gradient":""},"tablet":{"background-color":"","background-image":"","background-repeat":"repeat","background-position":"center center","background-size":"auto","background-attachment":"scroll","background-type":"","background-media":"","overlay-type":"","overlay-color":"","overlay-gradient":""},"mobile":{"background-color":"","background-image":"","background-repeat":"repeat","background-position":"center center","background-size":"auto","background-attachment":"scroll","background-type":"","background-media":"","overlay-type":"","overlay-color":"","overlay-gradient":""}},"ast-content-background-meta":{"desktop":{"background-color":"var(--ast-global-color-5)","background-image":"","background-repeat":"repeat","background-position":"center center","background-size":"auto","background-attachment":"scroll","background-type":"","background-media":"","overlay-type":"","overlay-color":"","overlay-gradient":""},"tablet":{"background-color":"var(--ast-global-color-5)","background-image":"","background-repeat":"repeat","background-position":"center center","background-size":"auto","background-attachment":"scroll","background-type":"","background-media":"","overlay-type":"","overlay-color":"","overlay-gradient":""},"mobile":{"background-color":"var(--ast-global-color-5)","background-image":"","background-repeat":"repeat","background-position":"center center","background-size":"auto","background-attachment":"scroll","background-type":"","background-media":"","overlay-type":"","overlay-color":"","overlay-gradient":""}}},"product_brand":[],"product_cat":[16,39],"product_tag":[],"class_list":{"0":"post-6184","1":"product","2":"type-product","3":"status-publish","4":"has-post-thumbnail","6":"product_cat-shoes","7":"product_cat-for-boy","8":"desktop-align-center","9":"tablet-align-center","10":"mobile-align-center","12":"first","13":"instock","14":"sale","15":"shipping-taxable","16":"purchasable","17":"product-type-simple"},"yoast_head":"<!-- This site is optimized with the Yoast SEO plugin v26.8 - https:\/\/yoast.com\/product\/yoast-seo-wordpress\/ -->\n<title>ATLETE STRUTTER ADIDAS - Sport Collection<\/title>\n<meta name=\"description\" content=\"Atlete strutter adidas jan\u00eb k\u00ebpuc\u00ebt ideale p\u00ebr stilin tuaj. Me nj\u00eb dizajn klasik prej l\u00ebkure dhe nj\u00eb sholl\u00eb t\u00eb rehatshme.\" \/>\n<meta name=\"robots\" content=\"index, follow, max-snippet:-1, max-image-preview:large, max-video-preview:-1\" \/>\n<link rel=\"canonical\" href=\"https:\/\/sportcollection.al\/sq\/produkt\/6184\/\" \/>\n<meta property=\"og:locale\" content=\"sq_AL\" \/>\n<meta property=\"og:type\" content=\"article\" \/>\n<meta property=\"og:title\" content=\"ATLETE STRUTTER ADIDAS - Sport Collection\" \/>\n<meta property=\"og:description\" content=\"Atlete strutter adidas jan\u00eb k\u00ebpuc\u00ebt ideale p\u00ebr stilin tuaj. Me nj\u00eb dizajn klasik prej l\u00ebkure dhe nj\u00eb sholl\u00eb t\u00eb rehatshme.\" \/>\n<meta property=\"og:url\" content=\"https:\/\/sportcollection.al\/sq\/produkt\/6184\/\" \/>\n<meta property=\"og:site_name\" content=\"Sport-Collection\" \/>\n<meta property=\"article:publisher\" content=\"https:\/\/www.facebook.com\/SportCollectionAlbania\" \/>\n<meta property=\"article:modified_time\" content=\"2024-02-10T13:48:43+00:00\" \/>\n<meta property=\"og:image\" content=\"https:\/\/sportcollection.al\/wp-content\/uploads\/2024\/02\/IMG-20240202-WA0029.jpg\" \/>\n\t<meta property=\"og:image:width\" content=\"751\" \/>\n\t<meta property=\"og:image:height\" content=\"751\" \/>\n\t<meta property=\"og:image:type\" content=\"image\/jpeg\" \/>\n<meta name=\"twitter:card\" content=\"summary_large_image\" \/>\n<meta name=\"twitter:label1\" content=\"Est. reading time\" \/>\n\t<meta name=\"twitter:data1\" content=\"1 minut\u00eb\" \/>\n<script type=\"application\/ld+json\" class=\"yoast-schema-graph\">{\"@context\":\"https:\/\/schema.org\",\"@graph\":[{\"@type\":\"WebPage\",\"@id\":\"https:\/\/sportcollection.al\/product\/6184\/\",\"url\":\"https:\/\/sportcollection.al\/product\/6184\/\",\"name\":\"ATLETE STRUTTER ADIDAS - Sport Collection\",\"isPartOf\":{\"@id\":\"https:\/\/sportcollection.al\/#website\"},\"primaryImageOfPage\":{\"@id\":\"https:\/\/sportcollection.al\/product\/6184\/#primaryimage\"},\"image\":{\"@id\":\"https:\/\/sportcollection.al\/product\/6184\/#primaryimage\"},\"thumbnailUrl\":\"https:\/\/sportcollection.al\/wp-content\/uploads\/2024\/02\/IMG-20240202-WA0029.jpg\",\"datePublished\":\"2024-02-03T23:24:21+00:00\",\"dateModified\":\"2024-02-10T13:48:43+00:00\",\"description\":\"Atlete strutter adidas jan\u00eb k\u00ebpuc\u00ebt ideale p\u00ebr stilin tuaj. Me nj\u00eb dizajn klasik prej l\u00ebkure dhe nj\u00eb sholl\u00eb t\u00eb rehatshme.\",\"breadcrumb\":{\"@id\":\"https:\/\/sportcollection.al\/product\/6184\/#breadcrumb\"},\"inLanguage\":\"sq\",\"potentialAction\":[{\"@type\":\"ReadAction\",\"target\":[\"https:\/\/sportcollection.al\/product\/6184\/\"]}]},{\"@type\":\"ImageObject\",\"inLanguage\":\"sq\",\"@id\":\"https:\/\/sportcollection.al\/product\/6184\/#primaryimage\",\"url\":\"https:\/\/sportcollection.al\/wp-content\/uploads\/2024\/02\/IMG-20240202-WA0029.jpg\",\"contentUrl\":\"https:\/\/sportcollection.al\/wp-content\/uploads\/2024\/02\/IMG-20240202-WA0029.jpg\",\"width\":751,\"height\":751,\"caption\":\"atlete\"},{\"@type\":\"BreadcrumbList\",\"@id\":\"https:\/\/sportcollection.al\/product\/6184\/#breadcrumb\",\"itemListElement\":[{\"@type\":\"ListItem\",\"position\":1,\"name\":\"Home\",\"item\":\"https:\/\/sportcollection.al\/\"},{\"@type\":\"ListItem\",\"position\":2,\"name\":\"Shop\",\"item\":\"https:\/\/sportcollection.al\/shop-2\/\"},{\"@type\":\"ListItem\",\"position\":3,\"name\":\"ATLETE STRUTTER ADIDAS\"}]},{\"@type\":\"WebSite\",\"@id\":\"https:\/\/sportcollection.al\/#website\",\"url\":\"https:\/\/sportcollection.al\/\",\"name\":\"Sport-Collection\",\"description\":\"\",\"publisher\":{\"@id\":\"https:\/\/sportcollection.al\/#organization\"},\"potentialAction\":[{\"@type\":\"SearchAction\",\"target\":{\"@type\":\"EntryPoint\",\"urlTemplate\":\"https:\/\/sportcollection.al\/?s={search_term_string}\"},\"query-input\":{\"@type\":\"PropertyValueSpecification\",\"valueRequired\":true,\"valueName\":\"search_term_string\"}}],\"inLanguage\":\"sq\"},{\"@type\":\"Organization\",\"@id\":\"https:\/\/sportcollection.al\/#organization\",\"name\":\"Sport-Collection\",\"url\":\"https:\/\/sportcollection.al\/\",\"logo\":{\"@type\":\"ImageObject\",\"inLanguage\":\"sq\",\"@id\":\"https:\/\/sportcollection.al\/#\/schema\/logo\/image\/\",\"url\":\"https:\/\/sportcollection.al\/wp-content\/uploads\/2022\/07\/sport-collection-png-1.png\",\"contentUrl\":\"https:\/\/sportcollection.al\/wp-content\/uploads\/2022\/07\/sport-collection-png-1.png\",\"width\":900,\"height\":129,\"caption\":\"Sport-Collection\"},\"image\":{\"@id\":\"https:\/\/sportcollection.al\/#\/schema\/logo\/image\/\"},\"sameAs\":[\"https:\/\/www.facebook.com\/SportCollectionAlbania\",\"https:\/\/www.instagram.com\/sport_collection_gjirokaster?utm_source=ig_web_button_share_sheet&igsh=ZDNlZDc0MzIxNw==\"]}]}<\/script>\n<!-- \/ Yoast SEO plugin. -->","yoast_head_json":{"title":"ATLETE STRUTTER ADIDAS - Sport Collection","description":"Atlete strutter adidas jan\u00eb k\u00ebpuc\u00ebt ideale p\u00ebr stilin tuaj. Me nj\u00eb dizajn klasik prej l\u00ebkure dhe nj\u00eb sholl\u00eb t\u00eb rehatshme.","robots":{"index":"index","follow":"follow","max-snippet":"max-snippet:-1","max-image-preview":"max-image-preview:large","max-video-preview":"max-video-preview:-1"},"canonical":"https:\/\/sportcollection.al\/sq\/produkt\/6184\/","og_locale":"sq_AL","og_type":"article","og_title":"ATLETE STRUTTER ADIDAS - Sport Collection","og_description":"Atlete strutter adidas jan\u00eb k\u00ebpuc\u00ebt ideale p\u00ebr stilin tuaj. Me nj\u00eb dizajn klasik prej l\u00ebkure dhe nj\u00eb sholl\u00eb t\u00eb rehatshme.","og_url":"https:\/\/sportcollection.al\/sq\/produkt\/6184\/","og_site_name":"Sport-Collection","article_publisher":"https:\/\/www.facebook.com\/SportCollectionAlbania","article_modified_time":"2024-02-10T13:48:43+00:00","og_image":[{"width":751,"height":751,"url":"https:\/\/sportcollection.al\/wp-content\/uploads\/2024\/02\/IMG-20240202-WA0029.jpg","type":"image\/jpeg"}],"twitter_card":"summary_large_image","twitter_misc":{"Est. reading time":"1 minut\u00eb"},"schema":{"@context":"https:\/\/schema.org","@graph":[{"@type":"WebPage","@id":"https:\/\/sportcollection.al\/product\/6184\/","url":"https:\/\/sportcollection.al\/product\/6184\/","name":"ATLETE STRUTTER ADIDAS - Sport Collection","isPartOf":{"@id":"https:\/\/sportcollection.al\/#website"},"primaryImageOfPage":{"@id":"https:\/\/sportcollection.al\/product\/6184\/#primaryimage"},"image":{"@id":"https:\/\/sportcollection.al\/product\/6184\/#primaryimage"},"thumbnailUrl":"https:\/\/sportcollection.al\/wp-content\/uploads\/2024\/02\/IMG-20240202-WA0029.jpg","datePublished":"2024-02-03T23:24:21+00:00","dateModified":"2024-02-10T13:48:43+00:00","description":"Atlete strutter adidas jan\u00eb k\u00ebpuc\u00ebt ideale p\u00ebr stilin tuaj. Me nj\u00eb dizajn klasik prej l\u00ebkure dhe nj\u00eb sholl\u00eb t\u00eb rehatshme.","breadcrumb":{"@id":"https:\/\/sportcollection.al\/product\/6184\/#breadcrumb"},"inLanguage":"sq","potentialAction":[{"@type":"ReadAction","target":["https:\/\/sportcollection.al\/product\/6184\/"]}]},{"@type":"ImageObject","inLanguage":"sq","@id":"https:\/\/sportcollection.al\/product\/6184\/#primaryimage","url":"https:\/\/sportcollection.al\/wp-content\/uploads\/2024\/02\/IMG-20240202-WA0029.jpg","contentUrl":"https:\/\/sportcollection.al\/wp-content\/uploads\/2024\/02\/IMG-20240202-WA0029.jpg","width":751,"height":751,"caption":"atlete"},{"@type":"BreadcrumbList","@id":"https:\/\/sportcollection.al\/product\/6184\/#breadcrumb","itemListElement":[{"@type":"ListItem","position":1,"name":"Home","item":"https:\/\/sportcollection.al\/"},{"@type":"ListItem","position":2,"name":"Shop","item":"https:\/\/sportcollection.al\/shop-2\/"},{"@type":"ListItem","position":3,"name":"ATLETE STRUTTER ADIDAS"}]},{"@type":"WebSite","@id":"https:\/\/sportcollection.al\/#website","url":"https:\/\/sportcollection.al\/","name":"Sport-Collection","description":"","publisher":{"@id":"https:\/\/sportcollection.al\/#organization"},"potentialAction":[{"@type":"SearchAction","target":{"@type":"EntryPoint","urlTemplate":"https:\/\/sportcollection.al\/?s={search_term_string}"},"query-input":{"@type":"PropertyValueSpecification","valueRequired":true,"valueName":"search_term_string"}}],"inLanguage":"sq"},{"@type":"Organization","@id":"https:\/\/sportcollection.al\/#organization","name":"Sport-Collection","url":"https:\/\/sportcollection.al\/","logo":{"@type":"ImageObject","inLanguage":"sq","@id":"https:\/\/sportcollection.al\/#\/schema\/logo\/image\/","url":"https:\/\/sportcollection.al\/wp-content\/uploads\/2022\/07\/sport-collection-png-1.png","contentUrl":"https:\/\/sportcollection.al\/wp-content\/uploads\/2022\/07\/sport-collection-png-1.png","width":900,"height":129,"caption":"Sport-Collection"},"image":{"@id":"https:\/\/sportcollection.al\/#\/schema\/logo\/image\/"},"sameAs":["https:\/\/www.facebook.com\/SportCollectionAlbania","https:\/\/www.instagram.com\/sport_collection_gjirokaster?utm_source=ig_web_button_share_sheet&igsh=ZDNlZDc0MzIxNw=="]}]}},"_links":{"self":[{"href":"https:\/\/sportcollection.al\/sq\/wp-json\/wp\/v2\/product\/6184","targetHints":{"allow":["GET"]}}],"collection":[{"href":"https:\/\/sportcollection.al\/sq\/wp-json\/wp\/v2\/product"}],"about":[{"href":"https:\/\/sportcollection.al\/sq\/wp-json\/wp\/v2\/types\/product"}],"replies":[{"embeddable":true,"href":"https:\/\/sportcollection.al\/sq\/wp-json\/wp\/v2\/comments?post=6184"}],"wp:featuredmedia":[{"embeddable":true,"href":"https:\/\/sportcollection.al\/sq\/wp-json\/wp\/v2\/media\/6185"}],"wp:attachment":[{"href":"https:\/\/sportcollection.al\/sq\/wp-json\/wp\/v2\/media?parent=6184"}],"wp:term":[{"taxonomy":"product_brand","embeddable":true,"href":"https:\/\/sportcollection.al\/sq\/wp-json\/wp\/v2\/product_brand?post=6184"},{"taxonomy":"product_cat","embeddable":true,"href":"https:\/\/sportcollection.al\/sq\/wp-json\/wp\/v2\/product_cat?post=6184"},{"taxonomy":"product_tag","embeddable":true,"href":"https:\/\/sportcollection.al\/sq\/wp-json\/wp\/v2\/product_tag?post=6184"}],"curies":[{"name":"wp","href":"https:\/\/api.w.org\/{rel}","templated":true}]}}