{"id":6253,"date":"2024-02-04T17:52:08","date_gmt":"2024-02-04T17:52:08","guid":{"rendered":"https:\/\/sportcollection.al\/?post_type=product&#038;p=6253"},"modified":"2024-02-08T19:31:59","modified_gmt":"2024-02-08T19:31:59","slug":"xhup-itavic-adidas","status":"publish","type":"product","link":"https:\/\/sportcollection.al\/sq\/produkt\/xhup-itavic-adidas\/","title":{"rendered":"XHUP ITAVIC ADIDAS"},"content":{"rendered":"<p><strong>Madh\u00ebsi:<\/strong> XS | S<\/p>\n<p>Q\u00ebndro e ngroht\u00eb n\u00eb koh\u00eb t\u00eb ftoht\u00eb. Ky xhup adidas me izolim termik ofron ngroht\u00ebsi p\u00ebr p\u00ebrditshm\u00ebri dhe ka pesh\u00eb mesatare. Izolimi termik krijuar me materiale t\u00eb ricikluara dhe vegjetariane nuk lejon ngroht\u00ebsin\u00eb t\u00eb shp\u00ebtoj\u00eb dhe \u00ebsht\u00eb i lehte p\u00ebr t&#8217;u mir\u00ebmbajtur. Dhomat e vogla izoluese ofrojn\u00eb leht\u00ebsi dhe liri l\u00ebvizje nd\u00ebrsa detajet me tre shirita plot\u00ebsojn\u00eb stilin tuaj sportiv.<\/p>\n<h6>Specifikime<\/h6>\n<ul>\n<li>Prerje e rregullt<\/li>\n<li>Zinxhir i plot\u00eb me jak\u00eb t\u00eb lart\u00eb<\/li>\n<li>100% poliest\u00ebr e ricikluar<\/li>\n<li>Izolim sintetik<\/li>\n<li>Xhepa para<\/li>\n<li>M\u00ebng\u00eb elastike<\/li>\n<li>Fund elastik<\/li>\n<li>Material repelent ndaj ujit pa PFC<\/li>\n<\/ul>","protected":false},"excerpt":{"rendered":"<p><strong>Kodi: HG8704<\/strong><\/p>\n<p>MBAJ LARG T\u00cb FTOHTIN ME K\u00cbT\u00cb XHUP ADIDAS<\/p>","protected":false},"featured_media":6256,"comment_status":"open","ping_status":"closed","template":"","meta":{"site-sidebar-layout":"default","site-content-layout":"","ast-site-content-layout":"default","site-content-style":"default","site-sidebar-style":"default","ast-global-header-display":"","ast-banner-title-visibility":"","ast-main-header-display":"","ast-hfb-above-header-display":"","ast-hfb-below-header-display":"","ast-hfb-mobile-header-display":"","site-post-title":"","ast-breadcrumbs-content":"","ast-featured-img":"","footer-sml-layout":"","theme-transparent-header-meta":"default","adv-header-id-meta":"","stick-header-meta":"","header-above-stick-meta":"","header-main-stick-meta":"","header-below-stick-meta":"","astra-migrate-meta-layouts":"set","ast-page-background-enabled":"default","ast-page-background-meta":{"desktop":{"background-color":"","background-image":"","background-repeat":"repeat","background-position":"center center","background-size":"auto","background-attachment":"scroll","background-type":"","background-media":"","overlay-type":"","overlay-color":"","overlay-gradient":""},"tablet":{"background-color":"","background-image":"","background-repeat":"repeat","background-position":"center center","background-size":"auto","background-attachment":"scroll","background-type":"","background-media":"","overlay-type":"","overlay-color":"","overlay-gradient":""},"mobile":{"background-color":"","background-image":"","background-repeat":"repeat","background-position":"center center","background-size":"auto","background-attachment":"scroll","background-type":"","background-media":"","overlay-type":"","overlay-color":"","overlay-gradient":""}},"ast-content-background-meta":{"desktop":{"background-color":"var(--ast-global-color-5)","background-image":"","background-repeat":"repeat","background-position":"center center","background-size":"auto","background-attachment":"scroll","background-type":"","background-media":"","overlay-type":"","overlay-color":"","overlay-gradient":""},"tablet":{"background-color":"var(--ast-global-color-5)","background-image":"","background-repeat":"repeat","background-position":"center center","background-size":"auto","background-attachment":"scroll","background-type":"","background-media":"","overlay-type":"","overlay-color":"","overlay-gradient":""},"mobile":{"background-color":"var(--ast-global-color-5)","background-image":"","background-repeat":"repeat","background-position":"center center","background-size":"auto","background-attachment":"scroll","background-type":"","background-media":"","overlay-type":"","overlay-color":"","overlay-gradient":""}}},"product_brand":[],"product_cat":[46],"product_tag":[],"class_list":{"0":"post-6253","1":"product","2":"type-product","3":"status-publish","4":"has-post-thumbnail","6":"product_cat-sweatshirt","7":"desktop-align-center","8":"tablet-align-center","9":"mobile-align-center","11":"first","12":"instock","13":"sale","14":"shipping-taxable","15":"purchasable","16":"product-type-simple"},"yoast_head":"<!-- This site is optimized with the Yoast SEO plugin v26.8 - https:\/\/yoast.com\/product\/yoast-seo-wordpress\/ -->\n<title>Xhup per Femra Adidas - Sport-Collection<\/title>\n<meta name=\"description\" content=\"N\u00ebse k\u00ebrkoni xhupa p\u00ebr femra me cil\u00ebsi t\u00eb lart\u00eb, dhe \u00e7mime t\u00eb arsyeshme, at\u00ebher\u00eb jeni n\u00eb vendin e duhur. Sport Collection ju ofron nj\u00eb gam\u00eb t\u00eb gjer\u00eb xhupash\" \/>\n<meta name=\"robots\" content=\"index, follow, max-snippet:-1, max-image-preview:large, max-video-preview:-1\" \/>\n<link rel=\"canonical\" href=\"https:\/\/sportcollection.al\/sq\/produkt\/xhup-itavic-adidas\/\" \/>\n<meta property=\"og:locale\" content=\"sq_AL\" \/>\n<meta property=\"og:type\" content=\"article\" \/>\n<meta property=\"og:title\" content=\"Xhup per Femra Adidas - Sport-Collection\" \/>\n<meta property=\"og:description\" content=\"N\u00ebse k\u00ebrkoni xhupa p\u00ebr femra me cil\u00ebsi t\u00eb lart\u00eb, dhe \u00e7mime t\u00eb arsyeshme, at\u00ebher\u00eb jeni n\u00eb vendin e duhur. Sport Collection ju ofron nj\u00eb gam\u00eb t\u00eb gjer\u00eb xhupash\" \/>\n<meta property=\"og:url\" content=\"https:\/\/sportcollection.al\/sq\/produkt\/xhup-itavic-adidas\/\" \/>\n<meta property=\"og:site_name\" content=\"Sport-Collection\" \/>\n<meta property=\"article:publisher\" content=\"https:\/\/www.facebook.com\/SportCollectionAlbania\" \/>\n<meta property=\"article:modified_time\" content=\"2024-02-08T19:31:59+00:00\" \/>\n<meta property=\"og:image\" content=\"https:\/\/sportcollection.al\/wp-content\/uploads\/2024\/02\/IMG-20240202-WA0070.jpg\" \/>\n\t<meta property=\"og:image:width\" content=\"751\" \/>\n\t<meta property=\"og:image:height\" content=\"751\" \/>\n\t<meta property=\"og:image:type\" content=\"image\/jpeg\" \/>\n<meta name=\"twitter:card\" content=\"summary_large_image\" \/>\n<meta name=\"twitter:label1\" content=\"Est. reading time\" \/>\n\t<meta name=\"twitter:data1\" content=\"1 minut\u00eb\" \/>\n<script type=\"application\/ld+json\" class=\"yoast-schema-graph\">{\"@context\":\"https:\/\/schema.org\",\"@graph\":[{\"@type\":\"WebPage\",\"@id\":\"https:\/\/sportcollection.al\/product\/xhup-itavic-adidas\/\",\"url\":\"https:\/\/sportcollection.al\/product\/xhup-itavic-adidas\/\",\"name\":\"Xhup per Femra Adidas - Sport-Collection\",\"isPartOf\":{\"@id\":\"https:\/\/sportcollection.al\/#website\"},\"primaryImageOfPage\":{\"@id\":\"https:\/\/sportcollection.al\/product\/xhup-itavic-adidas\/#primaryimage\"},\"image\":{\"@id\":\"https:\/\/sportcollection.al\/product\/xhup-itavic-adidas\/#primaryimage\"},\"thumbnailUrl\":\"https:\/\/sportcollection.al\/wp-content\/uploads\/2024\/02\/IMG-20240202-WA0070.jpg\",\"datePublished\":\"2024-02-04T17:52:08+00:00\",\"dateModified\":\"2024-02-08T19:31:59+00:00\",\"description\":\"N\u00ebse k\u00ebrkoni xhupa p\u00ebr femra me cil\u00ebsi t\u00eb lart\u00eb, dhe \u00e7mime t\u00eb arsyeshme, at\u00ebher\u00eb jeni n\u00eb vendin e duhur. Sport Collection ju ofron nj\u00eb gam\u00eb t\u00eb gjer\u00eb xhupash\",\"breadcrumb\":{\"@id\":\"https:\/\/sportcollection.al\/product\/xhup-itavic-adidas\/#breadcrumb\"},\"inLanguage\":\"sq\",\"potentialAction\":[{\"@type\":\"ReadAction\",\"target\":[\"https:\/\/sportcollection.al\/product\/xhup-itavic-adidas\/\"]}]},{\"@type\":\"ImageObject\",\"inLanguage\":\"sq\",\"@id\":\"https:\/\/sportcollection.al\/product\/xhup-itavic-adidas\/#primaryimage\",\"url\":\"https:\/\/sportcollection.al\/wp-content\/uploads\/2024\/02\/IMG-20240202-WA0070.jpg\",\"contentUrl\":\"https:\/\/sportcollection.al\/wp-content\/uploads\/2024\/02\/IMG-20240202-WA0070.jpg\",\"width\":751,\"height\":751,\"caption\":\"xhup per femra\"},{\"@type\":\"BreadcrumbList\",\"@id\":\"https:\/\/sportcollection.al\/product\/xhup-itavic-adidas\/#breadcrumb\",\"itemListElement\":[{\"@type\":\"ListItem\",\"position\":1,\"name\":\"Home\",\"item\":\"https:\/\/sportcollection.al\/\"},{\"@type\":\"ListItem\",\"position\":2,\"name\":\"Shop\",\"item\":\"https:\/\/sportcollection.al\/shop-2\/\"},{\"@type\":\"ListItem\",\"position\":3,\"name\":\"XHUP ITAVIC ADIDAS\"}]},{\"@type\":\"WebSite\",\"@id\":\"https:\/\/sportcollection.al\/#website\",\"url\":\"https:\/\/sportcollection.al\/\",\"name\":\"Sport-Collection\",\"description\":\"\",\"publisher\":{\"@id\":\"https:\/\/sportcollection.al\/#organization\"},\"potentialAction\":[{\"@type\":\"SearchAction\",\"target\":{\"@type\":\"EntryPoint\",\"urlTemplate\":\"https:\/\/sportcollection.al\/?s={search_term_string}\"},\"query-input\":{\"@type\":\"PropertyValueSpecification\",\"valueRequired\":true,\"valueName\":\"search_term_string\"}}],\"inLanguage\":\"sq\"},{\"@type\":\"Organization\",\"@id\":\"https:\/\/sportcollection.al\/#organization\",\"name\":\"Sport-Collection\",\"url\":\"https:\/\/sportcollection.al\/\",\"logo\":{\"@type\":\"ImageObject\",\"inLanguage\":\"sq\",\"@id\":\"https:\/\/sportcollection.al\/#\/schema\/logo\/image\/\",\"url\":\"https:\/\/sportcollection.al\/wp-content\/uploads\/2022\/07\/sport-collection-png-1.png\",\"contentUrl\":\"https:\/\/sportcollection.al\/wp-content\/uploads\/2022\/07\/sport-collection-png-1.png\",\"width\":900,\"height\":129,\"caption\":\"Sport-Collection\"},\"image\":{\"@id\":\"https:\/\/sportcollection.al\/#\/schema\/logo\/image\/\"},\"sameAs\":[\"https:\/\/www.facebook.com\/SportCollectionAlbania\",\"https:\/\/www.instagram.com\/sport_collection_gjirokaster?utm_source=ig_web_button_share_sheet&igsh=ZDNlZDc0MzIxNw==\"]}]}<\/script>\n<!-- \/ Yoast SEO plugin. -->","yoast_head_json":{"title":"Xhup per Femra Adidas - Sport-Collection","description":"N\u00ebse k\u00ebrkoni xhupa p\u00ebr femra me cil\u00ebsi t\u00eb lart\u00eb, dhe \u00e7mime t\u00eb arsyeshme, at\u00ebher\u00eb jeni n\u00eb vendin e duhur. Sport Collection ju ofron nj\u00eb gam\u00eb t\u00eb gjer\u00eb xhupash","robots":{"index":"index","follow":"follow","max-snippet":"max-snippet:-1","max-image-preview":"max-image-preview:large","max-video-preview":"max-video-preview:-1"},"canonical":"https:\/\/sportcollection.al\/sq\/produkt\/xhup-itavic-adidas\/","og_locale":"sq_AL","og_type":"article","og_title":"Xhup per Femra Adidas - Sport-Collection","og_description":"N\u00ebse k\u00ebrkoni xhupa p\u00ebr femra me cil\u00ebsi t\u00eb lart\u00eb, dhe \u00e7mime t\u00eb arsyeshme, at\u00ebher\u00eb jeni n\u00eb vendin e duhur. Sport Collection ju ofron nj\u00eb gam\u00eb t\u00eb gjer\u00eb xhupash","og_url":"https:\/\/sportcollection.al\/sq\/produkt\/xhup-itavic-adidas\/","og_site_name":"Sport-Collection","article_publisher":"https:\/\/www.facebook.com\/SportCollectionAlbania","article_modified_time":"2024-02-08T19:31:59+00:00","og_image":[{"width":751,"height":751,"url":"https:\/\/sportcollection.al\/wp-content\/uploads\/2024\/02\/IMG-20240202-WA0070.jpg","type":"image\/jpeg"}],"twitter_card":"summary_large_image","twitter_misc":{"Est. reading time":"1 minut\u00eb"},"schema":{"@context":"https:\/\/schema.org","@graph":[{"@type":"WebPage","@id":"https:\/\/sportcollection.al\/product\/xhup-itavic-adidas\/","url":"https:\/\/sportcollection.al\/product\/xhup-itavic-adidas\/","name":"Xhup per Femra Adidas - Sport-Collection","isPartOf":{"@id":"https:\/\/sportcollection.al\/#website"},"primaryImageOfPage":{"@id":"https:\/\/sportcollection.al\/product\/xhup-itavic-adidas\/#primaryimage"},"image":{"@id":"https:\/\/sportcollection.al\/product\/xhup-itavic-adidas\/#primaryimage"},"thumbnailUrl":"https:\/\/sportcollection.al\/wp-content\/uploads\/2024\/02\/IMG-20240202-WA0070.jpg","datePublished":"2024-02-04T17:52:08+00:00","dateModified":"2024-02-08T19:31:59+00:00","description":"N\u00ebse k\u00ebrkoni xhupa p\u00ebr femra me cil\u00ebsi t\u00eb lart\u00eb, dhe \u00e7mime t\u00eb arsyeshme, at\u00ebher\u00eb jeni n\u00eb vendin e duhur. Sport Collection ju ofron nj\u00eb gam\u00eb t\u00eb gjer\u00eb xhupash","breadcrumb":{"@id":"https:\/\/sportcollection.al\/product\/xhup-itavic-adidas\/#breadcrumb"},"inLanguage":"sq","potentialAction":[{"@type":"ReadAction","target":["https:\/\/sportcollection.al\/product\/xhup-itavic-adidas\/"]}]},{"@type":"ImageObject","inLanguage":"sq","@id":"https:\/\/sportcollection.al\/product\/xhup-itavic-adidas\/#primaryimage","url":"https:\/\/sportcollection.al\/wp-content\/uploads\/2024\/02\/IMG-20240202-WA0070.jpg","contentUrl":"https:\/\/sportcollection.al\/wp-content\/uploads\/2024\/02\/IMG-20240202-WA0070.jpg","width":751,"height":751,"caption":"xhup per femra"},{"@type":"BreadcrumbList","@id":"https:\/\/sportcollection.al\/product\/xhup-itavic-adidas\/#breadcrumb","itemListElement":[{"@type":"ListItem","position":1,"name":"Home","item":"https:\/\/sportcollection.al\/"},{"@type":"ListItem","position":2,"name":"Shop","item":"https:\/\/sportcollection.al\/shop-2\/"},{"@type":"ListItem","position":3,"name":"XHUP ITAVIC ADIDAS"}]},{"@type":"WebSite","@id":"https:\/\/sportcollection.al\/#website","url":"https:\/\/sportcollection.al\/","name":"Sport-Collection","description":"","publisher":{"@id":"https:\/\/sportcollection.al\/#organization"},"potentialAction":[{"@type":"SearchAction","target":{"@type":"EntryPoint","urlTemplate":"https:\/\/sportcollection.al\/?s={search_term_string}"},"query-input":{"@type":"PropertyValueSpecification","valueRequired":true,"valueName":"search_term_string"}}],"inLanguage":"sq"},{"@type":"Organization","@id":"https:\/\/sportcollection.al\/#organization","name":"Sport-Collection","url":"https:\/\/sportcollection.al\/","logo":{"@type":"ImageObject","inLanguage":"sq","@id":"https:\/\/sportcollection.al\/#\/schema\/logo\/image\/","url":"https:\/\/sportcollection.al\/wp-content\/uploads\/2022\/07\/sport-collection-png-1.png","contentUrl":"https:\/\/sportcollection.al\/wp-content\/uploads\/2022\/07\/sport-collection-png-1.png","width":900,"height":129,"caption":"Sport-Collection"},"image":{"@id":"https:\/\/sportcollection.al\/#\/schema\/logo\/image\/"},"sameAs":["https:\/\/www.facebook.com\/SportCollectionAlbania","https:\/\/www.instagram.com\/sport_collection_gjirokaster?utm_source=ig_web_button_share_sheet&igsh=ZDNlZDc0MzIxNw=="]}]}},"_links":{"self":[{"href":"https:\/\/sportcollection.al\/sq\/wp-json\/wp\/v2\/product\/6253","targetHints":{"allow":["GET"]}}],"collection":[{"href":"https:\/\/sportcollection.al\/sq\/wp-json\/wp\/v2\/product"}],"about":[{"href":"https:\/\/sportcollection.al\/sq\/wp-json\/wp\/v2\/types\/product"}],"replies":[{"embeddable":true,"href":"https:\/\/sportcollection.al\/sq\/wp-json\/wp\/v2\/comments?post=6253"}],"wp:featuredmedia":[{"embeddable":true,"href":"https:\/\/sportcollection.al\/sq\/wp-json\/wp\/v2\/media\/6256"}],"wp:attachment":[{"href":"https:\/\/sportcollection.al\/sq\/wp-json\/wp\/v2\/media?parent=6253"}],"wp:term":[{"taxonomy":"product_brand","embeddable":true,"href":"https:\/\/sportcollection.al\/sq\/wp-json\/wp\/v2\/product_brand?post=6253"},{"taxonomy":"product_cat","embeddable":true,"href":"https:\/\/sportcollection.al\/sq\/wp-json\/wp\/v2\/product_cat?post=6253"},{"taxonomy":"product_tag","embeddable":true,"href":"https:\/\/sportcollection.al\/sq\/wp-json\/wp\/v2\/product_tag?post=6253"}],"curies":[{"name":"wp","href":"https:\/\/api.w.org\/{rel}","templated":true}]}}