{"id":6267,"date":"2024-02-04T18:11:08","date_gmt":"2024-02-04T18:11:08","guid":{"rendered":"https:\/\/sportcollection.al\/?post_type=product&#038;p=6267"},"modified":"2024-02-08T19:03:56","modified_gmt":"2024-02-08T19:03:56","slug":"shishe-uji-performace-adidas-2","status":"publish","type":"product","link":"https:\/\/sportcollection.al\/sq\/produkt\/shishe-uji-performace-adidas-2\/","title":{"rendered":"SHISHE UJI PERFORMACE ADIDAS"},"content":{"rendered":"<p><strong>Madh\u00ebsi:<\/strong> NS 0.5 L<\/p>\n<p>Hidratimi s&#8217;ka pse t\u00eb jet\u00eb i komplikuar. Pi uj\u00eb n\u00eb k\u00ebt\u00eb shishe adidas Performance dhe rimbushe s\u00ebrish. \u00cbsht\u00eb shum\u00eb rezistente dhe ideale p\u00ebr p\u00ebrditshm\u00ebri. Fal\u00eb gryk\u00ebs s\u00eb gjer\u00eb mund t&#8217;i hidhet akull leht\u00ebsisht. Fute n\u00eb lavastovilje pas \u00e7do p\u00ebrdorimi p\u00ebr ta pasur gati p\u00ebr rip\u00ebrdorim.<\/p>\n<h6>Specifikime<\/h6>\n<ul>\n<li>Kapaciteti: 0.5 L<\/li>\n<li>100% PE<\/li>\n<li>Shishe pa BPA<\/li>\n<li>Gryk\u00eb e gjer\u00eb<\/li>\n<li>Mund t\u00eb lahet n\u00eb lavastovilje<\/li>\n<\/ul>","protected":false},"excerpt":{"rendered":"<h6>Kodi: FM9935<\/h6>\n<p>SHISHE PA BPA ME GRYK\u00cb T\u00cb GJER\u00cb E LEHT\u00cb P\u00cbR T&#8217;U MBUSHUR<\/p>","protected":false},"featured_media":6269,"comment_status":"open","ping_status":"closed","template":"","meta":{"site-sidebar-layout":"default","site-content-layout":"","ast-site-content-layout":"default","site-content-style":"default","site-sidebar-style":"default","ast-global-header-display":"","ast-banner-title-visibility":"","ast-main-header-display":"","ast-hfb-above-header-display":"","ast-hfb-below-header-display":"","ast-hfb-mobile-header-display":"","site-post-title":"","ast-breadcrumbs-content":"","ast-featured-img":"","footer-sml-layout":"","theme-transparent-header-meta":"default","adv-header-id-meta":"","stick-header-meta":"","header-above-stick-meta":"","header-main-stick-meta":"","header-below-stick-meta":"","astra-migrate-meta-layouts":"set","ast-page-background-enabled":"default","ast-page-background-meta":{"desktop":{"background-color":"","background-image":"","background-repeat":"repeat","background-position":"center center","background-size":"auto","background-attachment":"scroll","background-type":"","background-media":"","overlay-type":"","overlay-color":"","overlay-gradient":""},"tablet":{"background-color":"","background-image":"","background-repeat":"repeat","background-position":"center center","background-size":"auto","background-attachment":"scroll","background-type":"","background-media":"","overlay-type":"","overlay-color":"","overlay-gradient":""},"mobile":{"background-color":"","background-image":"","background-repeat":"repeat","background-position":"center center","background-size":"auto","background-attachment":"scroll","background-type":"","background-media":"","overlay-type":"","overlay-color":"","overlay-gradient":""}},"ast-content-background-meta":{"desktop":{"background-color":"var(--ast-global-color-5)","background-image":"","background-repeat":"repeat","background-position":"center center","background-size":"auto","background-attachment":"scroll","background-type":"","background-media":"","overlay-type":"","overlay-color":"","overlay-gradient":""},"tablet":{"background-color":"var(--ast-global-color-5)","background-image":"","background-repeat":"repeat","background-position":"center center","background-size":"auto","background-attachment":"scroll","background-type":"","background-media":"","overlay-type":"","overlay-color":"","overlay-gradient":""},"mobile":{"background-color":"var(--ast-global-color-5)","background-image":"","background-repeat":"repeat","background-position":"center center","background-size":"auto","background-attachment":"scroll","background-type":"","background-media":"","overlay-type":"","overlay-color":"","overlay-gradient":""}}},"product_brand":[],"product_cat":[48],"product_tag":[],"class_list":{"0":"post-6267","1":"product","2":"type-product","3":"status-publish","4":"has-post-thumbnail","6":"product_cat-water-bottle","7":"desktop-align-center","8":"tablet-align-center","9":"mobile-align-center","11":"first","12":"instock","13":"sale","14":"shipping-taxable","15":"purchasable","16":"product-type-simple"},"yoast_head":"<!-- This site is optimized with the Yoast SEO plugin v26.8 - https:\/\/yoast.com\/product\/yoast-seo-wordpress\/ -->\n<title>Shishe Uji Adidas - Sport Collection<\/title>\n<meta name=\"description\" content=\"Zgjidh shishen Adidas p\u00ebr uj\u00eb t\u00eb fresk\u00ebt kudo dhe n\u00eb \u00e7do moment. Stil, cil\u00ebsi dhe p\u00ebrshtatshm\u00ebri p\u00ebr aventura t\u00eb pap\u00ebrshkrueshme.\" \/>\n<meta name=\"robots\" content=\"index, follow, max-snippet:-1, max-image-preview:large, max-video-preview:-1\" \/>\n<link rel=\"canonical\" href=\"https:\/\/sportcollection.al\/sq\/produkt\/shishe-uji-performace-adidas-2\/\" \/>\n<meta property=\"og:locale\" content=\"sq_AL\" \/>\n<meta property=\"og:type\" content=\"article\" \/>\n<meta property=\"og:title\" content=\"Shishe Uji Adidas - Sport Collection\" \/>\n<meta property=\"og:description\" content=\"Zgjidh shishen Adidas p\u00ebr uj\u00eb t\u00eb fresk\u00ebt kudo dhe n\u00eb \u00e7do moment. Stil, cil\u00ebsi dhe p\u00ebrshtatshm\u00ebri p\u00ebr aventura t\u00eb pap\u00ebrshkrueshme.\" \/>\n<meta property=\"og:url\" content=\"https:\/\/sportcollection.al\/sq\/produkt\/shishe-uji-performace-adidas-2\/\" \/>\n<meta property=\"og:site_name\" content=\"Sport-Collection\" \/>\n<meta property=\"article:publisher\" content=\"https:\/\/www.facebook.com\/SportCollectionAlbania\" \/>\n<meta property=\"article:modified_time\" content=\"2024-02-08T19:03:56+00:00\" \/>\n<meta property=\"og:image\" content=\"https:\/\/sportcollection.al\/wp-content\/uploads\/2024\/02\/IMG-20240202-WA0078.jpg\" \/>\n\t<meta property=\"og:image:width\" content=\"751\" \/>\n\t<meta property=\"og:image:height\" content=\"751\" \/>\n\t<meta property=\"og:image:type\" content=\"image\/jpeg\" \/>\n<meta name=\"twitter:card\" content=\"summary_large_image\" \/>\n<meta name=\"twitter:label1\" content=\"Est. reading time\" \/>\n\t<meta name=\"twitter:data1\" content=\"1 minut\u00eb\" \/>\n<script type=\"application\/ld+json\" class=\"yoast-schema-graph\">{\"@context\":\"https:\/\/schema.org\",\"@graph\":[{\"@type\":\"WebPage\",\"@id\":\"https:\/\/sportcollection.al\/product\/shishe-uji-performace-adidas-2\/\",\"url\":\"https:\/\/sportcollection.al\/product\/shishe-uji-performace-adidas-2\/\",\"name\":\"Shishe Uji Adidas - Sport Collection\",\"isPartOf\":{\"@id\":\"https:\/\/sportcollection.al\/#website\"},\"primaryImageOfPage\":{\"@id\":\"https:\/\/sportcollection.al\/product\/shishe-uji-performace-adidas-2\/#primaryimage\"},\"image\":{\"@id\":\"https:\/\/sportcollection.al\/product\/shishe-uji-performace-adidas-2\/#primaryimage\"},\"thumbnailUrl\":\"https:\/\/sportcollection.al\/wp-content\/uploads\/2024\/02\/IMG-20240202-WA0078.jpg\",\"datePublished\":\"2024-02-04T18:11:08+00:00\",\"dateModified\":\"2024-02-08T19:03:56+00:00\",\"description\":\"Zgjidh shishen Adidas p\u00ebr uj\u00eb t\u00eb fresk\u00ebt kudo dhe n\u00eb \u00e7do moment. Stil, cil\u00ebsi dhe p\u00ebrshtatshm\u00ebri p\u00ebr aventura t\u00eb pap\u00ebrshkrueshme.\",\"breadcrumb\":{\"@id\":\"https:\/\/sportcollection.al\/product\/shishe-uji-performace-adidas-2\/#breadcrumb\"},\"inLanguage\":\"sq\",\"potentialAction\":[{\"@type\":\"ReadAction\",\"target\":[\"https:\/\/sportcollection.al\/product\/shishe-uji-performace-adidas-2\/\"]}]},{\"@type\":\"ImageObject\",\"inLanguage\":\"sq\",\"@id\":\"https:\/\/sportcollection.al\/product\/shishe-uji-performace-adidas-2\/#primaryimage\",\"url\":\"https:\/\/sportcollection.al\/wp-content\/uploads\/2024\/02\/IMG-20240202-WA0078.jpg\",\"contentUrl\":\"https:\/\/sportcollection.al\/wp-content\/uploads\/2024\/02\/IMG-20240202-WA0078.jpg\",\"width\":751,\"height\":751,\"caption\":\"shishe uji\"},{\"@type\":\"BreadcrumbList\",\"@id\":\"https:\/\/sportcollection.al\/product\/shishe-uji-performace-adidas-2\/#breadcrumb\",\"itemListElement\":[{\"@type\":\"ListItem\",\"position\":1,\"name\":\"Home\",\"item\":\"https:\/\/sportcollection.al\/\"},{\"@type\":\"ListItem\",\"position\":2,\"name\":\"Shop\",\"item\":\"https:\/\/sportcollection.al\/shop-2\/\"},{\"@type\":\"ListItem\",\"position\":3,\"name\":\"SHISHE UJI PERFORMACE ADIDAS\"}]},{\"@type\":\"WebSite\",\"@id\":\"https:\/\/sportcollection.al\/#website\",\"url\":\"https:\/\/sportcollection.al\/\",\"name\":\"Sport-Collection\",\"description\":\"\",\"publisher\":{\"@id\":\"https:\/\/sportcollection.al\/#organization\"},\"potentialAction\":[{\"@type\":\"SearchAction\",\"target\":{\"@type\":\"EntryPoint\",\"urlTemplate\":\"https:\/\/sportcollection.al\/?s={search_term_string}\"},\"query-input\":{\"@type\":\"PropertyValueSpecification\",\"valueRequired\":true,\"valueName\":\"search_term_string\"}}],\"inLanguage\":\"sq\"},{\"@type\":\"Organization\",\"@id\":\"https:\/\/sportcollection.al\/#organization\",\"name\":\"Sport-Collection\",\"url\":\"https:\/\/sportcollection.al\/\",\"logo\":{\"@type\":\"ImageObject\",\"inLanguage\":\"sq\",\"@id\":\"https:\/\/sportcollection.al\/#\/schema\/logo\/image\/\",\"url\":\"https:\/\/sportcollection.al\/wp-content\/uploads\/2022\/07\/sport-collection-png-1.png\",\"contentUrl\":\"https:\/\/sportcollection.al\/wp-content\/uploads\/2022\/07\/sport-collection-png-1.png\",\"width\":900,\"height\":129,\"caption\":\"Sport-Collection\"},\"image\":{\"@id\":\"https:\/\/sportcollection.al\/#\/schema\/logo\/image\/\"},\"sameAs\":[\"https:\/\/www.facebook.com\/SportCollectionAlbania\",\"https:\/\/www.instagram.com\/sport_collection_gjirokaster?utm_source=ig_web_button_share_sheet&igsh=ZDNlZDc0MzIxNw==\"]}]}<\/script>\n<!-- \/ Yoast SEO plugin. -->","yoast_head_json":{"title":"Shishe Uji Adidas - Sport Collection","description":"Zgjidh shishen Adidas p\u00ebr uj\u00eb t\u00eb fresk\u00ebt kudo dhe n\u00eb \u00e7do moment. Stil, cil\u00ebsi dhe p\u00ebrshtatshm\u00ebri p\u00ebr aventura t\u00eb pap\u00ebrshkrueshme.","robots":{"index":"index","follow":"follow","max-snippet":"max-snippet:-1","max-image-preview":"max-image-preview:large","max-video-preview":"max-video-preview:-1"},"canonical":"https:\/\/sportcollection.al\/sq\/produkt\/shishe-uji-performace-adidas-2\/","og_locale":"sq_AL","og_type":"article","og_title":"Shishe Uji Adidas - Sport Collection","og_description":"Zgjidh shishen Adidas p\u00ebr uj\u00eb t\u00eb fresk\u00ebt kudo dhe n\u00eb \u00e7do moment. Stil, cil\u00ebsi dhe p\u00ebrshtatshm\u00ebri p\u00ebr aventura t\u00eb pap\u00ebrshkrueshme.","og_url":"https:\/\/sportcollection.al\/sq\/produkt\/shishe-uji-performace-adidas-2\/","og_site_name":"Sport-Collection","article_publisher":"https:\/\/www.facebook.com\/SportCollectionAlbania","article_modified_time":"2024-02-08T19:03:56+00:00","og_image":[{"width":751,"height":751,"url":"https:\/\/sportcollection.al\/wp-content\/uploads\/2024\/02\/IMG-20240202-WA0078.jpg","type":"image\/jpeg"}],"twitter_card":"summary_large_image","twitter_misc":{"Est. reading time":"1 minut\u00eb"},"schema":{"@context":"https:\/\/schema.org","@graph":[{"@type":"WebPage","@id":"https:\/\/sportcollection.al\/product\/shishe-uji-performace-adidas-2\/","url":"https:\/\/sportcollection.al\/product\/shishe-uji-performace-adidas-2\/","name":"Shishe Uji Adidas - Sport Collection","isPartOf":{"@id":"https:\/\/sportcollection.al\/#website"},"primaryImageOfPage":{"@id":"https:\/\/sportcollection.al\/product\/shishe-uji-performace-adidas-2\/#primaryimage"},"image":{"@id":"https:\/\/sportcollection.al\/product\/shishe-uji-performace-adidas-2\/#primaryimage"},"thumbnailUrl":"https:\/\/sportcollection.al\/wp-content\/uploads\/2024\/02\/IMG-20240202-WA0078.jpg","datePublished":"2024-02-04T18:11:08+00:00","dateModified":"2024-02-08T19:03:56+00:00","description":"Zgjidh shishen Adidas p\u00ebr uj\u00eb t\u00eb fresk\u00ebt kudo dhe n\u00eb \u00e7do moment. Stil, cil\u00ebsi dhe p\u00ebrshtatshm\u00ebri p\u00ebr aventura t\u00eb pap\u00ebrshkrueshme.","breadcrumb":{"@id":"https:\/\/sportcollection.al\/product\/shishe-uji-performace-adidas-2\/#breadcrumb"},"inLanguage":"sq","potentialAction":[{"@type":"ReadAction","target":["https:\/\/sportcollection.al\/product\/shishe-uji-performace-adidas-2\/"]}]},{"@type":"ImageObject","inLanguage":"sq","@id":"https:\/\/sportcollection.al\/product\/shishe-uji-performace-adidas-2\/#primaryimage","url":"https:\/\/sportcollection.al\/wp-content\/uploads\/2024\/02\/IMG-20240202-WA0078.jpg","contentUrl":"https:\/\/sportcollection.al\/wp-content\/uploads\/2024\/02\/IMG-20240202-WA0078.jpg","width":751,"height":751,"caption":"shishe uji"},{"@type":"BreadcrumbList","@id":"https:\/\/sportcollection.al\/product\/shishe-uji-performace-adidas-2\/#breadcrumb","itemListElement":[{"@type":"ListItem","position":1,"name":"Home","item":"https:\/\/sportcollection.al\/"},{"@type":"ListItem","position":2,"name":"Shop","item":"https:\/\/sportcollection.al\/shop-2\/"},{"@type":"ListItem","position":3,"name":"SHISHE UJI PERFORMACE ADIDAS"}]},{"@type":"WebSite","@id":"https:\/\/sportcollection.al\/#website","url":"https:\/\/sportcollection.al\/","name":"Sport-Collection","description":"","publisher":{"@id":"https:\/\/sportcollection.al\/#organization"},"potentialAction":[{"@type":"SearchAction","target":{"@type":"EntryPoint","urlTemplate":"https:\/\/sportcollection.al\/?s={search_term_string}"},"query-input":{"@type":"PropertyValueSpecification","valueRequired":true,"valueName":"search_term_string"}}],"inLanguage":"sq"},{"@type":"Organization","@id":"https:\/\/sportcollection.al\/#organization","name":"Sport-Collection","url":"https:\/\/sportcollection.al\/","logo":{"@type":"ImageObject","inLanguage":"sq","@id":"https:\/\/sportcollection.al\/#\/schema\/logo\/image\/","url":"https:\/\/sportcollection.al\/wp-content\/uploads\/2022\/07\/sport-collection-png-1.png","contentUrl":"https:\/\/sportcollection.al\/wp-content\/uploads\/2022\/07\/sport-collection-png-1.png","width":900,"height":129,"caption":"Sport-Collection"},"image":{"@id":"https:\/\/sportcollection.al\/#\/schema\/logo\/image\/"},"sameAs":["https:\/\/www.facebook.com\/SportCollectionAlbania","https:\/\/www.instagram.com\/sport_collection_gjirokaster?utm_source=ig_web_button_share_sheet&igsh=ZDNlZDc0MzIxNw=="]}]}},"_links":{"self":[{"href":"https:\/\/sportcollection.al\/sq\/wp-json\/wp\/v2\/product\/6267","targetHints":{"allow":["GET"]}}],"collection":[{"href":"https:\/\/sportcollection.al\/sq\/wp-json\/wp\/v2\/product"}],"about":[{"href":"https:\/\/sportcollection.al\/sq\/wp-json\/wp\/v2\/types\/product"}],"replies":[{"embeddable":true,"href":"https:\/\/sportcollection.al\/sq\/wp-json\/wp\/v2\/comments?post=6267"}],"wp:featuredmedia":[{"embeddable":true,"href":"https:\/\/sportcollection.al\/sq\/wp-json\/wp\/v2\/media\/6269"}],"wp:attachment":[{"href":"https:\/\/sportcollection.al\/sq\/wp-json\/wp\/v2\/media?parent=6267"}],"wp:term":[{"taxonomy":"product_brand","embeddable":true,"href":"https:\/\/sportcollection.al\/sq\/wp-json\/wp\/v2\/product_brand?post=6267"},{"taxonomy":"product_cat","embeddable":true,"href":"https:\/\/sportcollection.al\/sq\/wp-json\/wp\/v2\/product_cat?post=6267"},{"taxonomy":"product_tag","embeddable":true,"href":"https:\/\/sportcollection.al\/sq\/wp-json\/wp\/v2\/product_tag?post=6267"}],"curies":[{"name":"wp","href":"https:\/\/api.w.org\/{rel}","templated":true}]}}