{"id":6302,"date":"2024-02-29T20:50:00","date_gmt":"2024-02-29T20:50:00","guid":{"rendered":"https:\/\/sportcollection.al\/?post_type=product&#038;p=6302"},"modified":"2024-03-01T22:36:48","modified_gmt":"2024-03-01T22:36:48","slug":"adidas-questar","status":"publish","type":"product","link":"https:\/\/sportcollection.al\/sq\/produkt\/adidas-questar\/","title":{"rendered":"ATLETE ADIDAS QUESTAR"},"content":{"rendered":"<p>Sa m\u00eb gjat\u00eb t\u00eb vraposh, aq m\u00eb tep\u00ebr koh\u00eb kalon n\u00eb aj\u00ebr t\u00eb past\u00ebr. Shto kilometrat e p\u00ebrshkuar n\u00eb rutin\u00ebn t\u00ebnde t\u00eb vrapit n\u00eb komoditetin q\u00eb e k\u00ebtyre atleteve p\u00ebr vrap adidas. Sholl\u00ebs e mesme Bounce absorbon impaktin dhe garanton amortizim t\u00eb shk\u00eblqyer n\u00eb \u00e7do hap. Pjesa e sip\u00ebrme rrjet\u00eb e leht\u00eb e mb\u00ebshtjell k\u00ebmb\u00ebn n\u00eb komoditet dhe garanton ajrosje t\u00eb mir\u00eb dhe suport aty ku t\u00eb nevojitet m\u00eb tep\u00ebr.<br \/>\nKrijuar me nj\u00eb s\u00ebr\u00eb materialesh t\u00eb ricikluara, pjesa e sip\u00ebrme p\u00ebrmban t\u00eb pakt\u00ebn 50% p\u00ebrmbajtje t\u00eb ricikluar. Ky produkt p\u00ebrfaq\u00ebson vet\u00ebm nj\u00eb nga zgjidhjet tona p\u00ebr t\u00eb ndihmuar n\u00eb p\u00ebrfundimin e mbetjeve plastike.<\/p>\n<h6>Specifikime<\/h6>\n<ul>\n<li>Prerje e rregullt<\/li>\n<li>Mbyllen me lidh\u00ebse<\/li>\n<li>Pjesa e sip\u00ebrme rrjet\u00eb<\/li>\n<li>Amortizim dhe suport i mir\u00eb<\/li>\n<li>Veshje e brendshme tekstil<\/li>\n<li>Sholl\u00eb e mesme Bounce Drop i sholl\u00ebs s\u00eb mesme: 9 mm<\/li>\n<li>Sholl\u00eb\u00a0e\u00a0jashtme\u00a0gome<\/li>\n<\/ul>","protected":false},"excerpt":{"rendered":"<h6>Kodi: IF2228<\/h6>\n<p>ATLETE KOMODE DHE CIL\u00cbSORE<\/p>","protected":false},"featured_media":6321,"comment_status":"open","ping_status":"closed","template":"","meta":{"site-sidebar-layout":"default","site-content-layout":"","ast-site-content-layout":"default","site-content-style":"default","site-sidebar-style":"default","ast-global-header-display":"","ast-banner-title-visibility":"","ast-main-header-display":"","ast-hfb-above-header-display":"","ast-hfb-below-header-display":"","ast-hfb-mobile-header-display":"","site-post-title":"","ast-breadcrumbs-content":"","ast-featured-img":"","footer-sml-layout":"","theme-transparent-header-meta":"default","adv-header-id-meta":"","stick-header-meta":"","header-above-stick-meta":"","header-main-stick-meta":"","header-below-stick-meta":"","astra-migrate-meta-layouts":"set","ast-page-background-enabled":"default","ast-page-background-meta":{"desktop":{"background-color":"","background-image":"","background-repeat":"repeat","background-position":"center center","background-size":"auto","background-attachment":"scroll","background-type":"","background-media":"","overlay-type":"","overlay-color":"","overlay-gradient":""},"tablet":{"background-color":"","background-image":"","background-repeat":"repeat","background-position":"center center","background-size":"auto","background-attachment":"scroll","background-type":"","background-media":"","overlay-type":"","overlay-color":"","overlay-gradient":""},"mobile":{"background-color":"","background-image":"","background-repeat":"repeat","background-position":"center center","background-size":"auto","background-attachment":"scroll","background-type":"","background-media":"","overlay-type":"","overlay-color":"","overlay-gradient":""}},"ast-content-background-meta":{"desktop":{"background-color":"var(--ast-global-color-5)","background-image":"","background-repeat":"repeat","background-position":"center center","background-size":"auto","background-attachment":"scroll","background-type":"","background-media":"","overlay-type":"","overlay-color":"","overlay-gradient":""},"tablet":{"background-color":"var(--ast-global-color-5)","background-image":"","background-repeat":"repeat","background-position":"center center","background-size":"auto","background-attachment":"scroll","background-type":"","background-media":"","overlay-type":"","overlay-color":"","overlay-gradient":""},"mobile":{"background-color":"var(--ast-global-color-5)","background-image":"","background-repeat":"repeat","background-position":"center center","background-size":"auto","background-attachment":"scroll","background-type":"","background-media":"","overlay-type":"","overlay-color":"","overlay-gradient":""}}},"product_brand":[],"product_cat":[16],"product_tag":[],"class_list":{"0":"post-6302","1":"product","2":"type-product","3":"status-publish","4":"has-post-thumbnail","6":"product_cat-shoes","7":"desktop-align-center","8":"tablet-align-center","9":"mobile-align-center","11":"first","12":"instock","13":"shipping-taxable","14":"purchasable","15":"product-type-variable"},"yoast_head":"<!-- This site is optimized with the Yoast SEO plugin v26.8 - https:\/\/yoast.com\/product\/yoast-seo-wordpress\/ -->\n<title>ATLETE ATLETE ADIDAS QUESTAR - Sport Collection<\/title>\n<meta name=\"description\" content=\"Atlete adidas Questar jan\u00eb atletet e p\u00ebrsosura p\u00ebr vrapim dhe aktivitete t\u00eb tjera sportive. Me nj\u00eb k\u00ebll\u00ebf t\u00eb but\u00eb, nj\u00eb sholl\u00eb t\u00eb leht\u00eb dhe nj\u00eb dizajn unik.\" \/>\n<meta name=\"robots\" content=\"index, follow, max-snippet:-1, max-image-preview:large, max-video-preview:-1\" \/>\n<link rel=\"canonical\" href=\"https:\/\/sportcollection.al\/sq\/produkt\/adidas-questar\/\" \/>\n<meta property=\"og:locale\" content=\"sq_AL\" \/>\n<meta property=\"og:type\" content=\"article\" \/>\n<meta property=\"og:title\" content=\"ATLETE ATLETE ADIDAS QUESTAR - Sport Collection\" \/>\n<meta property=\"og:description\" content=\"Atlete adidas Questar jan\u00eb atletet e p\u00ebrsosura p\u00ebr vrapim dhe aktivitete t\u00eb tjera sportive. Me nj\u00eb k\u00ebll\u00ebf t\u00eb but\u00eb, nj\u00eb sholl\u00eb t\u00eb leht\u00eb dhe nj\u00eb dizajn unik.\" \/>\n<meta property=\"og:url\" content=\"https:\/\/sportcollection.al\/sq\/produkt\/adidas-questar\/\" \/>\n<meta property=\"og:site_name\" content=\"Sport-Collection\" \/>\n<meta property=\"article:publisher\" content=\"https:\/\/www.facebook.com\/SportCollectionAlbania\" \/>\n<meta property=\"article:modified_time\" content=\"2024-03-01T22:36:48+00:00\" \/>\n<meta property=\"og:image\" content=\"https:\/\/sportcollection.al\/wp-content\/uploads\/2024\/02\/IMG-20240226-WA0015.jpg\" \/>\n\t<meta property=\"og:image:width\" content=\"751\" \/>\n\t<meta property=\"og:image:height\" content=\"751\" \/>\n\t<meta property=\"og:image:type\" content=\"image\/jpeg\" \/>\n<meta name=\"twitter:card\" content=\"summary_large_image\" \/>\n<meta name=\"twitter:label1\" content=\"Est. reading time\" \/>\n\t<meta name=\"twitter:data1\" content=\"1 minut\u00eb\" \/>\n<script type=\"application\/ld+json\" class=\"yoast-schema-graph\">{\"@context\":\"https:\/\/schema.org\",\"@graph\":[{\"@type\":\"WebPage\",\"@id\":\"https:\/\/sportcollection.al\/product\/adidas-questar\/\",\"url\":\"https:\/\/sportcollection.al\/product\/adidas-questar\/\",\"name\":\"ATLETE ATLETE ADIDAS QUESTAR - Sport Collection\",\"isPartOf\":{\"@id\":\"https:\/\/sportcollection.al\/#website\"},\"primaryImageOfPage\":{\"@id\":\"https:\/\/sportcollection.al\/product\/adidas-questar\/#primaryimage\"},\"image\":{\"@id\":\"https:\/\/sportcollection.al\/product\/adidas-questar\/#primaryimage\"},\"thumbnailUrl\":\"https:\/\/sportcollection.al\/wp-content\/uploads\/2024\/02\/IMG-20240226-WA0015.jpg\",\"datePublished\":\"2024-02-29T20:50:00+00:00\",\"dateModified\":\"2024-03-01T22:36:48+00:00\",\"description\":\"Atlete adidas Questar jan\u00eb atletet e p\u00ebrsosura p\u00ebr vrapim dhe aktivitete t\u00eb tjera sportive. Me nj\u00eb k\u00ebll\u00ebf t\u00eb but\u00eb, nj\u00eb sholl\u00eb t\u00eb leht\u00eb dhe nj\u00eb dizajn unik.\",\"breadcrumb\":{\"@id\":\"https:\/\/sportcollection.al\/product\/adidas-questar\/#breadcrumb\"},\"inLanguage\":\"sq\",\"potentialAction\":[{\"@type\":\"ReadAction\",\"target\":[\"https:\/\/sportcollection.al\/product\/adidas-questar\/\"]}]},{\"@type\":\"ImageObject\",\"inLanguage\":\"sq\",\"@id\":\"https:\/\/sportcollection.al\/product\/adidas-questar\/#primaryimage\",\"url\":\"https:\/\/sportcollection.al\/wp-content\/uploads\/2024\/02\/IMG-20240226-WA0015.jpg\",\"contentUrl\":\"https:\/\/sportcollection.al\/wp-content\/uploads\/2024\/02\/IMG-20240226-WA0015.jpg\",\"width\":751,\"height\":751,\"caption\":\"atlete vrapi\"},{\"@type\":\"BreadcrumbList\",\"@id\":\"https:\/\/sportcollection.al\/product\/adidas-questar\/#breadcrumb\",\"itemListElement\":[{\"@type\":\"ListItem\",\"position\":1,\"name\":\"Home\",\"item\":\"https:\/\/sportcollection.al\/\"},{\"@type\":\"ListItem\",\"position\":2,\"name\":\"Shop\",\"item\":\"https:\/\/sportcollection.al\/shop-2\/\"},{\"@type\":\"ListItem\",\"position\":3,\"name\":\"ATLETE ADIDAS QUESTAR\"}]},{\"@type\":\"WebSite\",\"@id\":\"https:\/\/sportcollection.al\/#website\",\"url\":\"https:\/\/sportcollection.al\/\",\"name\":\"Sport-Collection\",\"description\":\"\",\"publisher\":{\"@id\":\"https:\/\/sportcollection.al\/#organization\"},\"potentialAction\":[{\"@type\":\"SearchAction\",\"target\":{\"@type\":\"EntryPoint\",\"urlTemplate\":\"https:\/\/sportcollection.al\/?s={search_term_string}\"},\"query-input\":{\"@type\":\"PropertyValueSpecification\",\"valueRequired\":true,\"valueName\":\"search_term_string\"}}],\"inLanguage\":\"sq\"},{\"@type\":\"Organization\",\"@id\":\"https:\/\/sportcollection.al\/#organization\",\"name\":\"Sport-Collection\",\"url\":\"https:\/\/sportcollection.al\/\",\"logo\":{\"@type\":\"ImageObject\",\"inLanguage\":\"sq\",\"@id\":\"https:\/\/sportcollection.al\/#\/schema\/logo\/image\/\",\"url\":\"https:\/\/sportcollection.al\/wp-content\/uploads\/2022\/07\/sport-collection-png-1.png\",\"contentUrl\":\"https:\/\/sportcollection.al\/wp-content\/uploads\/2022\/07\/sport-collection-png-1.png\",\"width\":900,\"height\":129,\"caption\":\"Sport-Collection\"},\"image\":{\"@id\":\"https:\/\/sportcollection.al\/#\/schema\/logo\/image\/\"},\"sameAs\":[\"https:\/\/www.facebook.com\/SportCollectionAlbania\",\"https:\/\/www.instagram.com\/sport_collection_gjirokaster?utm_source=ig_web_button_share_sheet&igsh=ZDNlZDc0MzIxNw==\"]}]}<\/script>\n<!-- \/ Yoast SEO plugin. -->","yoast_head_json":{"title":"ATLETE ATLETE ADIDAS QUESTAR - Sport Collection","description":"Atlete adidas Questar jan\u00eb atletet e p\u00ebrsosura p\u00ebr vrapim dhe aktivitete t\u00eb tjera sportive. Me nj\u00eb k\u00ebll\u00ebf t\u00eb but\u00eb, nj\u00eb sholl\u00eb t\u00eb leht\u00eb dhe nj\u00eb dizajn unik.","robots":{"index":"index","follow":"follow","max-snippet":"max-snippet:-1","max-image-preview":"max-image-preview:large","max-video-preview":"max-video-preview:-1"},"canonical":"https:\/\/sportcollection.al\/sq\/produkt\/adidas-questar\/","og_locale":"sq_AL","og_type":"article","og_title":"ATLETE ATLETE ADIDAS QUESTAR - Sport Collection","og_description":"Atlete adidas Questar jan\u00eb atletet e p\u00ebrsosura p\u00ebr vrapim dhe aktivitete t\u00eb tjera sportive. Me nj\u00eb k\u00ebll\u00ebf t\u00eb but\u00eb, nj\u00eb sholl\u00eb t\u00eb leht\u00eb dhe nj\u00eb dizajn unik.","og_url":"https:\/\/sportcollection.al\/sq\/produkt\/adidas-questar\/","og_site_name":"Sport-Collection","article_publisher":"https:\/\/www.facebook.com\/SportCollectionAlbania","article_modified_time":"2024-03-01T22:36:48+00:00","og_image":[{"width":751,"height":751,"url":"https:\/\/sportcollection.al\/wp-content\/uploads\/2024\/02\/IMG-20240226-WA0015.jpg","type":"image\/jpeg"}],"twitter_card":"summary_large_image","twitter_misc":{"Est. reading time":"1 minut\u00eb"},"schema":{"@context":"https:\/\/schema.org","@graph":[{"@type":"WebPage","@id":"https:\/\/sportcollection.al\/product\/adidas-questar\/","url":"https:\/\/sportcollection.al\/product\/adidas-questar\/","name":"ATLETE ATLETE ADIDAS QUESTAR - Sport Collection","isPartOf":{"@id":"https:\/\/sportcollection.al\/#website"},"primaryImageOfPage":{"@id":"https:\/\/sportcollection.al\/product\/adidas-questar\/#primaryimage"},"image":{"@id":"https:\/\/sportcollection.al\/product\/adidas-questar\/#primaryimage"},"thumbnailUrl":"https:\/\/sportcollection.al\/wp-content\/uploads\/2024\/02\/IMG-20240226-WA0015.jpg","datePublished":"2024-02-29T20:50:00+00:00","dateModified":"2024-03-01T22:36:48+00:00","description":"Atlete adidas Questar jan\u00eb atletet e p\u00ebrsosura p\u00ebr vrapim dhe aktivitete t\u00eb tjera sportive. Me nj\u00eb k\u00ebll\u00ebf t\u00eb but\u00eb, nj\u00eb sholl\u00eb t\u00eb leht\u00eb dhe nj\u00eb dizajn unik.","breadcrumb":{"@id":"https:\/\/sportcollection.al\/product\/adidas-questar\/#breadcrumb"},"inLanguage":"sq","potentialAction":[{"@type":"ReadAction","target":["https:\/\/sportcollection.al\/product\/adidas-questar\/"]}]},{"@type":"ImageObject","inLanguage":"sq","@id":"https:\/\/sportcollection.al\/product\/adidas-questar\/#primaryimage","url":"https:\/\/sportcollection.al\/wp-content\/uploads\/2024\/02\/IMG-20240226-WA0015.jpg","contentUrl":"https:\/\/sportcollection.al\/wp-content\/uploads\/2024\/02\/IMG-20240226-WA0015.jpg","width":751,"height":751,"caption":"atlete vrapi"},{"@type":"BreadcrumbList","@id":"https:\/\/sportcollection.al\/product\/adidas-questar\/#breadcrumb","itemListElement":[{"@type":"ListItem","position":1,"name":"Home","item":"https:\/\/sportcollection.al\/"},{"@type":"ListItem","position":2,"name":"Shop","item":"https:\/\/sportcollection.al\/shop-2\/"},{"@type":"ListItem","position":3,"name":"ATLETE ADIDAS QUESTAR"}]},{"@type":"WebSite","@id":"https:\/\/sportcollection.al\/#website","url":"https:\/\/sportcollection.al\/","name":"Sport-Collection","description":"","publisher":{"@id":"https:\/\/sportcollection.al\/#organization"},"potentialAction":[{"@type":"SearchAction","target":{"@type":"EntryPoint","urlTemplate":"https:\/\/sportcollection.al\/?s={search_term_string}"},"query-input":{"@type":"PropertyValueSpecification","valueRequired":true,"valueName":"search_term_string"}}],"inLanguage":"sq"},{"@type":"Organization","@id":"https:\/\/sportcollection.al\/#organization","name":"Sport-Collection","url":"https:\/\/sportcollection.al\/","logo":{"@type":"ImageObject","inLanguage":"sq","@id":"https:\/\/sportcollection.al\/#\/schema\/logo\/image\/","url":"https:\/\/sportcollection.al\/wp-content\/uploads\/2022\/07\/sport-collection-png-1.png","contentUrl":"https:\/\/sportcollection.al\/wp-content\/uploads\/2022\/07\/sport-collection-png-1.png","width":900,"height":129,"caption":"Sport-Collection"},"image":{"@id":"https:\/\/sportcollection.al\/#\/schema\/logo\/image\/"},"sameAs":["https:\/\/www.facebook.com\/SportCollectionAlbania","https:\/\/www.instagram.com\/sport_collection_gjirokaster?utm_source=ig_web_button_share_sheet&igsh=ZDNlZDc0MzIxNw=="]}]}},"_links":{"self":[{"href":"https:\/\/sportcollection.al\/sq\/wp-json\/wp\/v2\/product\/6302","targetHints":{"allow":["GET"]}}],"collection":[{"href":"https:\/\/sportcollection.al\/sq\/wp-json\/wp\/v2\/product"}],"about":[{"href":"https:\/\/sportcollection.al\/sq\/wp-json\/wp\/v2\/types\/product"}],"replies":[{"embeddable":true,"href":"https:\/\/sportcollection.al\/sq\/wp-json\/wp\/v2\/comments?post=6302"}],"wp:featuredmedia":[{"embeddable":true,"href":"https:\/\/sportcollection.al\/sq\/wp-json\/wp\/v2\/media\/6321"}],"wp:attachment":[{"href":"https:\/\/sportcollection.al\/sq\/wp-json\/wp\/v2\/media?parent=6302"}],"wp:term":[{"taxonomy":"product_brand","embeddable":true,"href":"https:\/\/sportcollection.al\/sq\/wp-json\/wp\/v2\/product_brand?post=6302"},{"taxonomy":"product_cat","embeddable":true,"href":"https:\/\/sportcollection.al\/sq\/wp-json\/wp\/v2\/product_cat?post=6302"},{"taxonomy":"product_tag","embeddable":true,"href":"https:\/\/sportcollection.al\/sq\/wp-json\/wp\/v2\/product_tag?post=6302"}],"curies":[{"name":"wp","href":"https:\/\/api.w.org\/{rel}","templated":true}]}}