{"id":6335,"date":"2024-03-02T23:43:48","date_gmt":"2024-03-02T23:43:48","guid":{"rendered":"https:\/\/sportcollection.al\/?post_type=product&#038;p=6335"},"modified":"2024-03-02T23:45:02","modified_gmt":"2024-03-02T23:45:02","slug":"tensaur-run-shoes-adidas","status":"publish","type":"product","link":"https:\/\/sportcollection.al\/sq\/produkt\/tensaur-run-shoes-adidas\/","title":{"rendered":"TENSAUR RUN SHOES ADIDAS"},"content":{"rendered":"<p>K\u00ebto atlete p\u00ebr f\u00ebmij\u00eb q\u00eb mbyllen me ngjit\u00ebse jan\u00eb perfekte p\u00ebr p\u00ebrditshm\u00ebri. Sholla EVA rezistente ndaj g\u00ebrryerjes iu lejon vog\u00eblushve t\u00eb ngjiten n\u00eb pem\u00eb dhe t\u00eb vrapojn\u00eb n\u00eb park n\u00eb komoditet t\u00eb plot\u00eb. K\u00ebto atlete do kthehen n\u00eb shoq\u00ebrueset ideale n\u00eb aventurat e tyre.<\/p>\n<p>Krijuar me nj\u00eb s\u00ebr\u00eb materialesh t\u00eb ricikluara, me t\u00eb pakt\u00ebn 50% p\u00ebrmbajtje t\u00eb ricikluar, ky produkt p\u00ebrb\u00ebn nj\u00eb nga zgjidhjet, pjes\u00eb e kontributit global, p\u00ebr tu dh\u00ebn\u00eb fund mbetjeve plastike.<\/p>\n<p><strong>Madh\u00ebsi: <\/strong>28 | 28-1\/2 | 29 | 30 | 30-1\/2 | 31 | 31-1\/2 | 32 | 33 | 33-1\/2 |34<\/p>\n<h6>Specifikime<\/h6>\n<ul>\n<li>Prerje e rregullt<\/li>\n<li>Mbyllen me ngjit\u00ebse<\/li>\n<li>Pjesa e sip\u00ebrme me panele rrjet\u00eb<\/li>\n<li>Veshje e brendshme tekstil<\/li>\n<li>Pjesa rreth mbylljes me p\u00ebrforcim<\/li>\n<li>Sholl\u00eb EVA nj\u00eb\u00a0nj\u00ebsi\u00a0e\u00a0vetme<\/li>\n<\/ul>","protected":false},"excerpt":{"rendered":"<h6>Kodi:IG8568<\/h6>\n<p>ATLETE KOMODE P\u00cbR F\u00cbMIJ\u00cb<\/p>","protected":false},"featured_media":6339,"comment_status":"open","ping_status":"closed","template":"","meta":{"site-sidebar-layout":"default","site-content-layout":"","ast-site-content-layout":"default","site-content-style":"default","site-sidebar-style":"default","ast-global-header-display":"","ast-banner-title-visibility":"","ast-main-header-display":"","ast-hfb-above-header-display":"","ast-hfb-below-header-display":"","ast-hfb-mobile-header-display":"","site-post-title":"","ast-breadcrumbs-content":"","ast-featured-img":"","footer-sml-layout":"","theme-transparent-header-meta":"default","adv-header-id-meta":"","stick-header-meta":"","header-above-stick-meta":"","header-main-stick-meta":"","header-below-stick-meta":"","astra-migrate-meta-layouts":"set","ast-page-background-enabled":"default","ast-page-background-meta":{"desktop":{"background-color":"","background-image":"","background-repeat":"repeat","background-position":"center center","background-size":"auto","background-attachment":"scroll","background-type":"","background-media":"","overlay-type":"","overlay-color":"","overlay-gradient":""},"tablet":{"background-color":"","background-image":"","background-repeat":"repeat","background-position":"center center","background-size":"auto","background-attachment":"scroll","background-type":"","background-media":"","overlay-type":"","overlay-color":"","overlay-gradient":""},"mobile":{"background-color":"","background-image":"","background-repeat":"repeat","background-position":"center center","background-size":"auto","background-attachment":"scroll","background-type":"","background-media":"","overlay-type":"","overlay-color":"","overlay-gradient":""}},"ast-content-background-meta":{"desktop":{"background-color":"var(--ast-global-color-5)","background-image":"","background-repeat":"repeat","background-position":"center center","background-size":"auto","background-attachment":"scroll","background-type":"","background-media":"","overlay-type":"","overlay-color":"","overlay-gradient":""},"tablet":{"background-color":"var(--ast-global-color-5)","background-image":"","background-repeat":"repeat","background-position":"center center","background-size":"auto","background-attachment":"scroll","background-type":"","background-media":"","overlay-type":"","overlay-color":"","overlay-gradient":""},"mobile":{"background-color":"var(--ast-global-color-5)","background-image":"","background-repeat":"repeat","background-position":"center center","background-size":"auto","background-attachment":"scroll","background-type":"","background-media":"","overlay-type":"","overlay-color":"","overlay-gradient":""}}},"product_brand":[],"product_cat":[16],"product_tag":[],"class_list":{"0":"post-6335","1":"product","2":"type-product","3":"status-publish","4":"has-post-thumbnail","6":"product_cat-shoes","7":"desktop-align-center","8":"tablet-align-center","9":"mobile-align-center","11":"first","12":"instock","13":"shipping-taxable","14":"purchasable","15":"product-type-variable"},"yoast_head":"<!-- This site is optimized with the Yoast SEO plugin v26.8 - https:\/\/yoast.com\/product\/yoast-seo-wordpress\/ -->\n<title>TENSAUR RUN SHOES ADIDAS - Sport Collecton<\/title>\n<meta name=\"description\" content=\"N\u00eb k\u00ebrkim t\u00eb atleteve t\u00eb p\u00ebrshtatshme p\u00ebr f\u00ebmij\u00ebt tuaj? Zbuloni koleksionin e atleteve Tensaur nga adidas, t\u00eb krijuara me materiale t\u00eb ricikluara .\" \/>\n<meta name=\"robots\" content=\"index, follow, max-snippet:-1, max-image-preview:large, max-video-preview:-1\" \/>\n<link rel=\"canonical\" href=\"https:\/\/sportcollection.al\/sq\/produkt\/tensaur-run-shoes-adidas\/\" \/>\n<meta property=\"og:locale\" content=\"sq_AL\" \/>\n<meta property=\"og:type\" content=\"article\" \/>\n<meta property=\"og:title\" content=\"TENSAUR RUN SHOES ADIDAS - Sport Collecton\" \/>\n<meta property=\"og:description\" content=\"N\u00eb k\u00ebrkim t\u00eb atleteve t\u00eb p\u00ebrshtatshme p\u00ebr f\u00ebmij\u00ebt tuaj? Zbuloni koleksionin e atleteve Tensaur nga adidas, t\u00eb krijuara me materiale t\u00eb ricikluara .\" \/>\n<meta property=\"og:url\" content=\"https:\/\/sportcollection.al\/sq\/produkt\/tensaur-run-shoes-adidas\/\" \/>\n<meta property=\"og:site_name\" content=\"Sport-Collection\" \/>\n<meta property=\"article:publisher\" content=\"https:\/\/www.facebook.com\/SportCollectionAlbania\" \/>\n<meta property=\"article:modified_time\" content=\"2024-03-02T23:45:02+00:00\" \/>\n<meta property=\"og:image\" content=\"https:\/\/sportcollection.al\/wp-content\/uploads\/2024\/03\/3-1.png\" \/>\n\t<meta property=\"og:image:width\" content=\"1080\" \/>\n\t<meta property=\"og:image:height\" content=\"1080\" \/>\n\t<meta property=\"og:image:type\" content=\"image\/png\" \/>\n<meta name=\"twitter:card\" content=\"summary_large_image\" \/>\n<meta name=\"twitter:label1\" content=\"Est. reading time\" \/>\n\t<meta name=\"twitter:data1\" content=\"1 minut\u00eb\" \/>\n<script type=\"application\/ld+json\" class=\"yoast-schema-graph\">{\"@context\":\"https:\/\/schema.org\",\"@graph\":[{\"@type\":\"WebPage\",\"@id\":\"https:\/\/sportcollection.al\/product\/tensaur-run-shoes-adidas\/\",\"url\":\"https:\/\/sportcollection.al\/product\/tensaur-run-shoes-adidas\/\",\"name\":\"TENSAUR RUN SHOES ADIDAS - Sport Collecton\",\"isPartOf\":{\"@id\":\"https:\/\/sportcollection.al\/#website\"},\"primaryImageOfPage\":{\"@id\":\"https:\/\/sportcollection.al\/product\/tensaur-run-shoes-adidas\/#primaryimage\"},\"image\":{\"@id\":\"https:\/\/sportcollection.al\/product\/tensaur-run-shoes-adidas\/#primaryimage\"},\"thumbnailUrl\":\"https:\/\/sportcollection.al\/wp-content\/uploads\/2024\/03\/3-1.png\",\"datePublished\":\"2024-03-02T23:43:48+00:00\",\"dateModified\":\"2024-03-02T23:45:02+00:00\",\"description\":\"N\u00eb k\u00ebrkim t\u00eb atleteve t\u00eb p\u00ebrshtatshme p\u00ebr f\u00ebmij\u00ebt tuaj? Zbuloni koleksionin e atleteve Tensaur nga adidas, t\u00eb krijuara me materiale t\u00eb ricikluara .\",\"breadcrumb\":{\"@id\":\"https:\/\/sportcollection.al\/product\/tensaur-run-shoes-adidas\/#breadcrumb\"},\"inLanguage\":\"sq\",\"potentialAction\":[{\"@type\":\"ReadAction\",\"target\":[\"https:\/\/sportcollection.al\/product\/tensaur-run-shoes-adidas\/\"]}]},{\"@type\":\"ImageObject\",\"inLanguage\":\"sq\",\"@id\":\"https:\/\/sportcollection.al\/product\/tensaur-run-shoes-adidas\/#primaryimage\",\"url\":\"https:\/\/sportcollection.al\/wp-content\/uploads\/2024\/03\/3-1.png\",\"contentUrl\":\"https:\/\/sportcollection.al\/wp-content\/uploads\/2024\/03\/3-1.png\",\"width\":1080,\"height\":1080,\"caption\":\"atlete per femije adidas\"},{\"@type\":\"BreadcrumbList\",\"@id\":\"https:\/\/sportcollection.al\/product\/tensaur-run-shoes-adidas\/#breadcrumb\",\"itemListElement\":[{\"@type\":\"ListItem\",\"position\":1,\"name\":\"Home\",\"item\":\"https:\/\/sportcollection.al\/\"},{\"@type\":\"ListItem\",\"position\":2,\"name\":\"Shop\",\"item\":\"https:\/\/sportcollection.al\/shop-2\/\"},{\"@type\":\"ListItem\",\"position\":3,\"name\":\"TENSAUR RUN SHOES ADIDAS\"}]},{\"@type\":\"WebSite\",\"@id\":\"https:\/\/sportcollection.al\/#website\",\"url\":\"https:\/\/sportcollection.al\/\",\"name\":\"Sport-Collection\",\"description\":\"\",\"publisher\":{\"@id\":\"https:\/\/sportcollection.al\/#organization\"},\"potentialAction\":[{\"@type\":\"SearchAction\",\"target\":{\"@type\":\"EntryPoint\",\"urlTemplate\":\"https:\/\/sportcollection.al\/?s={search_term_string}\"},\"query-input\":{\"@type\":\"PropertyValueSpecification\",\"valueRequired\":true,\"valueName\":\"search_term_string\"}}],\"inLanguage\":\"sq\"},{\"@type\":\"Organization\",\"@id\":\"https:\/\/sportcollection.al\/#organization\",\"name\":\"Sport-Collection\",\"url\":\"https:\/\/sportcollection.al\/\",\"logo\":{\"@type\":\"ImageObject\",\"inLanguage\":\"sq\",\"@id\":\"https:\/\/sportcollection.al\/#\/schema\/logo\/image\/\",\"url\":\"https:\/\/sportcollection.al\/wp-content\/uploads\/2022\/07\/sport-collection-png-1.png\",\"contentUrl\":\"https:\/\/sportcollection.al\/wp-content\/uploads\/2022\/07\/sport-collection-png-1.png\",\"width\":900,\"height\":129,\"caption\":\"Sport-Collection\"},\"image\":{\"@id\":\"https:\/\/sportcollection.al\/#\/schema\/logo\/image\/\"},\"sameAs\":[\"https:\/\/www.facebook.com\/SportCollectionAlbania\",\"https:\/\/www.instagram.com\/sport_collection_gjirokaster?utm_source=ig_web_button_share_sheet&igsh=ZDNlZDc0MzIxNw==\"]}]}<\/script>\n<!-- \/ Yoast SEO plugin. -->","yoast_head_json":{"title":"TENSAUR RUN SHOES ADIDAS - Sport Collecton","description":"N\u00eb k\u00ebrkim t\u00eb atleteve t\u00eb p\u00ebrshtatshme p\u00ebr f\u00ebmij\u00ebt tuaj? Zbuloni koleksionin e atleteve Tensaur nga adidas, t\u00eb krijuara me materiale t\u00eb ricikluara .","robots":{"index":"index","follow":"follow","max-snippet":"max-snippet:-1","max-image-preview":"max-image-preview:large","max-video-preview":"max-video-preview:-1"},"canonical":"https:\/\/sportcollection.al\/sq\/produkt\/tensaur-run-shoes-adidas\/","og_locale":"sq_AL","og_type":"article","og_title":"TENSAUR RUN SHOES ADIDAS - Sport Collecton","og_description":"N\u00eb k\u00ebrkim t\u00eb atleteve t\u00eb p\u00ebrshtatshme p\u00ebr f\u00ebmij\u00ebt tuaj? Zbuloni koleksionin e atleteve Tensaur nga adidas, t\u00eb krijuara me materiale t\u00eb ricikluara .","og_url":"https:\/\/sportcollection.al\/sq\/produkt\/tensaur-run-shoes-adidas\/","og_site_name":"Sport-Collection","article_publisher":"https:\/\/www.facebook.com\/SportCollectionAlbania","article_modified_time":"2024-03-02T23:45:02+00:00","og_image":[{"width":1080,"height":1080,"url":"https:\/\/sportcollection.al\/wp-content\/uploads\/2024\/03\/3-1.png","type":"image\/png"}],"twitter_card":"summary_large_image","twitter_misc":{"Est. reading time":"1 minut\u00eb"},"schema":{"@context":"https:\/\/schema.org","@graph":[{"@type":"WebPage","@id":"https:\/\/sportcollection.al\/product\/tensaur-run-shoes-adidas\/","url":"https:\/\/sportcollection.al\/product\/tensaur-run-shoes-adidas\/","name":"TENSAUR RUN SHOES ADIDAS - Sport Collecton","isPartOf":{"@id":"https:\/\/sportcollection.al\/#website"},"primaryImageOfPage":{"@id":"https:\/\/sportcollection.al\/product\/tensaur-run-shoes-adidas\/#primaryimage"},"image":{"@id":"https:\/\/sportcollection.al\/product\/tensaur-run-shoes-adidas\/#primaryimage"},"thumbnailUrl":"https:\/\/sportcollection.al\/wp-content\/uploads\/2024\/03\/3-1.png","datePublished":"2024-03-02T23:43:48+00:00","dateModified":"2024-03-02T23:45:02+00:00","description":"N\u00eb k\u00ebrkim t\u00eb atleteve t\u00eb p\u00ebrshtatshme p\u00ebr f\u00ebmij\u00ebt tuaj? Zbuloni koleksionin e atleteve Tensaur nga adidas, t\u00eb krijuara me materiale t\u00eb ricikluara .","breadcrumb":{"@id":"https:\/\/sportcollection.al\/product\/tensaur-run-shoes-adidas\/#breadcrumb"},"inLanguage":"sq","potentialAction":[{"@type":"ReadAction","target":["https:\/\/sportcollection.al\/product\/tensaur-run-shoes-adidas\/"]}]},{"@type":"ImageObject","inLanguage":"sq","@id":"https:\/\/sportcollection.al\/product\/tensaur-run-shoes-adidas\/#primaryimage","url":"https:\/\/sportcollection.al\/wp-content\/uploads\/2024\/03\/3-1.png","contentUrl":"https:\/\/sportcollection.al\/wp-content\/uploads\/2024\/03\/3-1.png","width":1080,"height":1080,"caption":"atlete per femije adidas"},{"@type":"BreadcrumbList","@id":"https:\/\/sportcollection.al\/product\/tensaur-run-shoes-adidas\/#breadcrumb","itemListElement":[{"@type":"ListItem","position":1,"name":"Home","item":"https:\/\/sportcollection.al\/"},{"@type":"ListItem","position":2,"name":"Shop","item":"https:\/\/sportcollection.al\/shop-2\/"},{"@type":"ListItem","position":3,"name":"TENSAUR RUN SHOES ADIDAS"}]},{"@type":"WebSite","@id":"https:\/\/sportcollection.al\/#website","url":"https:\/\/sportcollection.al\/","name":"Sport-Collection","description":"","publisher":{"@id":"https:\/\/sportcollection.al\/#organization"},"potentialAction":[{"@type":"SearchAction","target":{"@type":"EntryPoint","urlTemplate":"https:\/\/sportcollection.al\/?s={search_term_string}"},"query-input":{"@type":"PropertyValueSpecification","valueRequired":true,"valueName":"search_term_string"}}],"inLanguage":"sq"},{"@type":"Organization","@id":"https:\/\/sportcollection.al\/#organization","name":"Sport-Collection","url":"https:\/\/sportcollection.al\/","logo":{"@type":"ImageObject","inLanguage":"sq","@id":"https:\/\/sportcollection.al\/#\/schema\/logo\/image\/","url":"https:\/\/sportcollection.al\/wp-content\/uploads\/2022\/07\/sport-collection-png-1.png","contentUrl":"https:\/\/sportcollection.al\/wp-content\/uploads\/2022\/07\/sport-collection-png-1.png","width":900,"height":129,"caption":"Sport-Collection"},"image":{"@id":"https:\/\/sportcollection.al\/#\/schema\/logo\/image\/"},"sameAs":["https:\/\/www.facebook.com\/SportCollectionAlbania","https:\/\/www.instagram.com\/sport_collection_gjirokaster?utm_source=ig_web_button_share_sheet&igsh=ZDNlZDc0MzIxNw=="]}]}},"_links":{"self":[{"href":"https:\/\/sportcollection.al\/sq\/wp-json\/wp\/v2\/product\/6335","targetHints":{"allow":["GET"]}}],"collection":[{"href":"https:\/\/sportcollection.al\/sq\/wp-json\/wp\/v2\/product"}],"about":[{"href":"https:\/\/sportcollection.al\/sq\/wp-json\/wp\/v2\/types\/product"}],"replies":[{"embeddable":true,"href":"https:\/\/sportcollection.al\/sq\/wp-json\/wp\/v2\/comments?post=6335"}],"wp:featuredmedia":[{"embeddable":true,"href":"https:\/\/sportcollection.al\/sq\/wp-json\/wp\/v2\/media\/6339"}],"wp:attachment":[{"href":"https:\/\/sportcollection.al\/sq\/wp-json\/wp\/v2\/media?parent=6335"}],"wp:term":[{"taxonomy":"product_brand","embeddable":true,"href":"https:\/\/sportcollection.al\/sq\/wp-json\/wp\/v2\/product_brand?post=6335"},{"taxonomy":"product_cat","embeddable":true,"href":"https:\/\/sportcollection.al\/sq\/wp-json\/wp\/v2\/product_cat?post=6335"},{"taxonomy":"product_tag","embeddable":true,"href":"https:\/\/sportcollection.al\/sq\/wp-json\/wp\/v2\/product_tag?post=6335"}],"curies":[{"name":"wp","href":"https:\/\/api.w.org\/{rel}","templated":true}]}}