{"id":6352,"date":"2024-03-03T22:02:02","date_gmt":"2024-03-03T22:02:02","guid":{"rendered":"https:\/\/sportcollection.al\/?post_type=product&#038;p=6352"},"modified":"2024-03-03T22:02:02","modified_gmt":"2024-03-03T22:02:02","slug":"hoodie-logos-adidas-badge","status":"publish","type":"product","link":"https:\/\/sportcollection.al\/sq\/produkt\/hoodie-logos-adidas-badge\/","title":{"rendered":"HOODIE LOGOS ADIDAS BADGE"},"content":{"rendered":"<p>Kjo hoodie sjell emocionet e fush\u00ebs n\u00eb nj\u00eb stil casual. V\u00ebr n\u00eb pah adhurimin p\u00ebr mark\u00ebn fal\u00eb stampimit adidas n\u00eb kraharor dhe logos adidas Badge of Sport para, n\u00eb qend\u00ebr. Si kur po pi kafe me miqt\u00eb apo po kryen pun\u00ebt e dit\u00ebs, materiali q\u00eb ka pambuk dhe poliest\u00ebr n\u00eb p\u00ebrb\u00ebre dhe m\u00ebng\u00ebt elastike t\u00eb mbajn\u00eb ngroht\u00eb duke p\u00ebr\u00e7uar n\u00eb m\u00ebnyr\u00eb t\u00eb guximshme nj\u00eb stil sportiv.<\/p>\n<h6>Specifikime<\/h6>\n<ul>\n<li>Prerje e rregullt<\/li>\n<li>Kapu\u00e7 i rregulluesh\u00ebm me lidh\u00ebse<\/li>\n<li>70% pambuk, 30% poliest\u00ebr e ricikluar<\/li>\n<li>Fund dhe\u00a0m\u00ebng\u00eb\u00a0elastike<\/li>\n<\/ul>","protected":false},"excerpt":{"rendered":"<h6>Kodi:IS1990<\/h6>\n<p>HOODIE SPORTIV DHE SHUM\u00cb PRAKTIK<\/p>","protected":false},"featured_media":6356,"comment_status":"open","ping_status":"closed","template":"","meta":{"site-sidebar-layout":"default","site-content-layout":"","ast-site-content-layout":"default","site-content-style":"default","site-sidebar-style":"default","ast-global-header-display":"","ast-banner-title-visibility":"","ast-main-header-display":"","ast-hfb-above-header-display":"","ast-hfb-below-header-display":"","ast-hfb-mobile-header-display":"","site-post-title":"","ast-breadcrumbs-content":"","ast-featured-img":"","footer-sml-layout":"","theme-transparent-header-meta":"default","adv-header-id-meta":"","stick-header-meta":"","header-above-stick-meta":"","header-main-stick-meta":"","header-below-stick-meta":"","astra-migrate-meta-layouts":"set","ast-page-background-enabled":"default","ast-page-background-meta":{"desktop":{"background-color":"","background-image":"","background-repeat":"repeat","background-position":"center center","background-size":"auto","background-attachment":"scroll","background-type":"","background-media":"","overlay-type":"","overlay-color":"","overlay-gradient":""},"tablet":{"background-color":"","background-image":"","background-repeat":"repeat","background-position":"center center","background-size":"auto","background-attachment":"scroll","background-type":"","background-media":"","overlay-type":"","overlay-color":"","overlay-gradient":""},"mobile":{"background-color":"","background-image":"","background-repeat":"repeat","background-position":"center center","background-size":"auto","background-attachment":"scroll","background-type":"","background-media":"","overlay-type":"","overlay-color":"","overlay-gradient":""}},"ast-content-background-meta":{"desktop":{"background-color":"var(--ast-global-color-5)","background-image":"","background-repeat":"repeat","background-position":"center center","background-size":"auto","background-attachment":"scroll","background-type":"","background-media":"","overlay-type":"","overlay-color":"","overlay-gradient":""},"tablet":{"background-color":"var(--ast-global-color-5)","background-image":"","background-repeat":"repeat","background-position":"center center","background-size":"auto","background-attachment":"scroll","background-type":"","background-media":"","overlay-type":"","overlay-color":"","overlay-gradient":""},"mobile":{"background-color":"var(--ast-global-color-5)","background-image":"","background-repeat":"repeat","background-position":"center center","background-size":"auto","background-attachment":"scroll","background-type":"","background-media":"","overlay-type":"","overlay-color":"","overlay-gradient":""}}},"product_brand":[],"product_cat":[42],"product_tag":[],"class_list":{"0":"post-6352","1":"product","2":"type-product","3":"status-publish","4":"has-post-thumbnail","6":"product_cat-hoodie","7":"desktop-align-center","8":"tablet-align-center","9":"mobile-align-center","11":"first","12":"instock","13":"shipping-taxable","14":"purchasable","15":"product-type-variable"},"yoast_head":"<!-- This site is optimized with the Yoast SEO plugin v26.8 - https:\/\/yoast.com\/product\/yoast-seo-wordpress\/ -->\n<title>HOODIE LOGOS ADIDAS BADGE - Sport Collection<\/title>\n<meta name=\"description\" content=\"N\u00ebse k\u00ebrkoni bluze me kapuc adidas, keni ardhur n\u00eb vendin e duhur. Ne kemi nj\u00eb koleksion t\u00eb madh t\u00eb bluzave me kapuc adidas p\u00ebr meshkuj dhe femra.\" \/>\n<meta name=\"robots\" content=\"index, follow, max-snippet:-1, max-image-preview:large, max-video-preview:-1\" \/>\n<link rel=\"canonical\" href=\"https:\/\/sportcollection.al\/sq\/produkt\/hoodie-logos-adidas-badge\/\" \/>\n<meta property=\"og:locale\" content=\"sq_AL\" \/>\n<meta property=\"og:type\" content=\"article\" \/>\n<meta property=\"og:title\" content=\"HOODIE LOGOS ADIDAS BADGE - Sport Collection\" \/>\n<meta property=\"og:description\" content=\"N\u00ebse k\u00ebrkoni bluze me kapuc adidas, keni ardhur n\u00eb vendin e duhur. Ne kemi nj\u00eb koleksion t\u00eb madh t\u00eb bluzave me kapuc adidas p\u00ebr meshkuj dhe femra.\" \/>\n<meta property=\"og:url\" content=\"https:\/\/sportcollection.al\/sq\/produkt\/hoodie-logos-adidas-badge\/\" \/>\n<meta property=\"og:site_name\" content=\"Sport-Collection\" \/>\n<meta property=\"article:publisher\" content=\"https:\/\/www.facebook.com\/SportCollectionAlbania\" \/>\n<meta property=\"og:image\" content=\"https:\/\/sportcollection.al\/wp-content\/uploads\/2024\/03\/IMG-20240226-WA0032.jpg\" \/>\n\t<meta property=\"og:image:width\" content=\"751\" \/>\n\t<meta property=\"og:image:height\" content=\"751\" \/>\n\t<meta property=\"og:image:type\" content=\"image\/jpeg\" \/>\n<meta name=\"twitter:card\" content=\"summary_large_image\" \/>\n<meta name=\"twitter:label1\" content=\"Est. reading time\" \/>\n\t<meta name=\"twitter:data1\" content=\"1 minut\u00eb\" \/>\n<script type=\"application\/ld+json\" class=\"yoast-schema-graph\">{\"@context\":\"https:\/\/schema.org\",\"@graph\":[{\"@type\":\"WebPage\",\"@id\":\"https:\/\/sportcollection.al\/product\/hoodie-logos-adidas-badge\/\",\"url\":\"https:\/\/sportcollection.al\/product\/hoodie-logos-adidas-badge\/\",\"name\":\"HOODIE LOGOS ADIDAS BADGE - Sport Collection\",\"isPartOf\":{\"@id\":\"https:\/\/sportcollection.al\/#website\"},\"primaryImageOfPage\":{\"@id\":\"https:\/\/sportcollection.al\/product\/hoodie-logos-adidas-badge\/#primaryimage\"},\"image\":{\"@id\":\"https:\/\/sportcollection.al\/product\/hoodie-logos-adidas-badge\/#primaryimage\"},\"thumbnailUrl\":\"https:\/\/sportcollection.al\/wp-content\/uploads\/2024\/03\/IMG-20240226-WA0032.jpg\",\"datePublished\":\"2024-03-03T22:02:02+00:00\",\"description\":\"N\u00ebse k\u00ebrkoni bluze me kapuc adidas, keni ardhur n\u00eb vendin e duhur. Ne kemi nj\u00eb koleksion t\u00eb madh t\u00eb bluzave me kapuc adidas p\u00ebr meshkuj dhe femra.\",\"breadcrumb\":{\"@id\":\"https:\/\/sportcollection.al\/product\/hoodie-logos-adidas-badge\/#breadcrumb\"},\"inLanguage\":\"sq\",\"potentialAction\":[{\"@type\":\"ReadAction\",\"target\":[\"https:\/\/sportcollection.al\/product\/hoodie-logos-adidas-badge\/\"]}]},{\"@type\":\"ImageObject\",\"inLanguage\":\"sq\",\"@id\":\"https:\/\/sportcollection.al\/product\/hoodie-logos-adidas-badge\/#primaryimage\",\"url\":\"https:\/\/sportcollection.al\/wp-content\/uploads\/2024\/03\/IMG-20240226-WA0032.jpg\",\"contentUrl\":\"https:\/\/sportcollection.al\/wp-content\/uploads\/2024\/03\/IMG-20240226-WA0032.jpg\",\"width\":751,\"height\":751,\"caption\":\"hoodie adidas\"},{\"@type\":\"BreadcrumbList\",\"@id\":\"https:\/\/sportcollection.al\/product\/hoodie-logos-adidas-badge\/#breadcrumb\",\"itemListElement\":[{\"@type\":\"ListItem\",\"position\":1,\"name\":\"Home\",\"item\":\"https:\/\/sportcollection.al\/\"},{\"@type\":\"ListItem\",\"position\":2,\"name\":\"Shop\",\"item\":\"https:\/\/sportcollection.al\/shop-2\/\"},{\"@type\":\"ListItem\",\"position\":3,\"name\":\"HOODIE LOGOS ADIDAS BADGE\"}]},{\"@type\":\"WebSite\",\"@id\":\"https:\/\/sportcollection.al\/#website\",\"url\":\"https:\/\/sportcollection.al\/\",\"name\":\"Sport-Collection\",\"description\":\"\",\"publisher\":{\"@id\":\"https:\/\/sportcollection.al\/#organization\"},\"potentialAction\":[{\"@type\":\"SearchAction\",\"target\":{\"@type\":\"EntryPoint\",\"urlTemplate\":\"https:\/\/sportcollection.al\/?s={search_term_string}\"},\"query-input\":{\"@type\":\"PropertyValueSpecification\",\"valueRequired\":true,\"valueName\":\"search_term_string\"}}],\"inLanguage\":\"sq\"},{\"@type\":\"Organization\",\"@id\":\"https:\/\/sportcollection.al\/#organization\",\"name\":\"Sport-Collection\",\"url\":\"https:\/\/sportcollection.al\/\",\"logo\":{\"@type\":\"ImageObject\",\"inLanguage\":\"sq\",\"@id\":\"https:\/\/sportcollection.al\/#\/schema\/logo\/image\/\",\"url\":\"https:\/\/sportcollection.al\/wp-content\/uploads\/2022\/07\/sport-collection-png-1.png\",\"contentUrl\":\"https:\/\/sportcollection.al\/wp-content\/uploads\/2022\/07\/sport-collection-png-1.png\",\"width\":900,\"height\":129,\"caption\":\"Sport-Collection\"},\"image\":{\"@id\":\"https:\/\/sportcollection.al\/#\/schema\/logo\/image\/\"},\"sameAs\":[\"https:\/\/www.facebook.com\/SportCollectionAlbania\",\"https:\/\/www.instagram.com\/sport_collection_gjirokaster?utm_source=ig_web_button_share_sheet&igsh=ZDNlZDc0MzIxNw==\"]}]}<\/script>\n<!-- \/ Yoast SEO plugin. -->","yoast_head_json":{"title":"HOODIE LOGOS ADIDAS BADGE - Sport Collection","description":"N\u00ebse k\u00ebrkoni bluze me kapuc adidas, keni ardhur n\u00eb vendin e duhur. Ne kemi nj\u00eb koleksion t\u00eb madh t\u00eb bluzave me kapuc adidas p\u00ebr meshkuj dhe femra.","robots":{"index":"index","follow":"follow","max-snippet":"max-snippet:-1","max-image-preview":"max-image-preview:large","max-video-preview":"max-video-preview:-1"},"canonical":"https:\/\/sportcollection.al\/sq\/produkt\/hoodie-logos-adidas-badge\/","og_locale":"sq_AL","og_type":"article","og_title":"HOODIE LOGOS ADIDAS BADGE - Sport Collection","og_description":"N\u00ebse k\u00ebrkoni bluze me kapuc adidas, keni ardhur n\u00eb vendin e duhur. Ne kemi nj\u00eb koleksion t\u00eb madh t\u00eb bluzave me kapuc adidas p\u00ebr meshkuj dhe femra.","og_url":"https:\/\/sportcollection.al\/sq\/produkt\/hoodie-logos-adidas-badge\/","og_site_name":"Sport-Collection","article_publisher":"https:\/\/www.facebook.com\/SportCollectionAlbania","og_image":[{"width":751,"height":751,"url":"https:\/\/sportcollection.al\/wp-content\/uploads\/2024\/03\/IMG-20240226-WA0032.jpg","type":"image\/jpeg"}],"twitter_card":"summary_large_image","twitter_misc":{"Est. reading time":"1 minut\u00eb"},"schema":{"@context":"https:\/\/schema.org","@graph":[{"@type":"WebPage","@id":"https:\/\/sportcollection.al\/product\/hoodie-logos-adidas-badge\/","url":"https:\/\/sportcollection.al\/product\/hoodie-logos-adidas-badge\/","name":"HOODIE LOGOS ADIDAS BADGE - Sport Collection","isPartOf":{"@id":"https:\/\/sportcollection.al\/#website"},"primaryImageOfPage":{"@id":"https:\/\/sportcollection.al\/product\/hoodie-logos-adidas-badge\/#primaryimage"},"image":{"@id":"https:\/\/sportcollection.al\/product\/hoodie-logos-adidas-badge\/#primaryimage"},"thumbnailUrl":"https:\/\/sportcollection.al\/wp-content\/uploads\/2024\/03\/IMG-20240226-WA0032.jpg","datePublished":"2024-03-03T22:02:02+00:00","description":"N\u00ebse k\u00ebrkoni bluze me kapuc adidas, keni ardhur n\u00eb vendin e duhur. Ne kemi nj\u00eb koleksion t\u00eb madh t\u00eb bluzave me kapuc adidas p\u00ebr meshkuj dhe femra.","breadcrumb":{"@id":"https:\/\/sportcollection.al\/product\/hoodie-logos-adidas-badge\/#breadcrumb"},"inLanguage":"sq","potentialAction":[{"@type":"ReadAction","target":["https:\/\/sportcollection.al\/product\/hoodie-logos-adidas-badge\/"]}]},{"@type":"ImageObject","inLanguage":"sq","@id":"https:\/\/sportcollection.al\/product\/hoodie-logos-adidas-badge\/#primaryimage","url":"https:\/\/sportcollection.al\/wp-content\/uploads\/2024\/03\/IMG-20240226-WA0032.jpg","contentUrl":"https:\/\/sportcollection.al\/wp-content\/uploads\/2024\/03\/IMG-20240226-WA0032.jpg","width":751,"height":751,"caption":"hoodie adidas"},{"@type":"BreadcrumbList","@id":"https:\/\/sportcollection.al\/product\/hoodie-logos-adidas-badge\/#breadcrumb","itemListElement":[{"@type":"ListItem","position":1,"name":"Home","item":"https:\/\/sportcollection.al\/"},{"@type":"ListItem","position":2,"name":"Shop","item":"https:\/\/sportcollection.al\/shop-2\/"},{"@type":"ListItem","position":3,"name":"HOODIE LOGOS ADIDAS BADGE"}]},{"@type":"WebSite","@id":"https:\/\/sportcollection.al\/#website","url":"https:\/\/sportcollection.al\/","name":"Sport-Collection","description":"","publisher":{"@id":"https:\/\/sportcollection.al\/#organization"},"potentialAction":[{"@type":"SearchAction","target":{"@type":"EntryPoint","urlTemplate":"https:\/\/sportcollection.al\/?s={search_term_string}"},"query-input":{"@type":"PropertyValueSpecification","valueRequired":true,"valueName":"search_term_string"}}],"inLanguage":"sq"},{"@type":"Organization","@id":"https:\/\/sportcollection.al\/#organization","name":"Sport-Collection","url":"https:\/\/sportcollection.al\/","logo":{"@type":"ImageObject","inLanguage":"sq","@id":"https:\/\/sportcollection.al\/#\/schema\/logo\/image\/","url":"https:\/\/sportcollection.al\/wp-content\/uploads\/2022\/07\/sport-collection-png-1.png","contentUrl":"https:\/\/sportcollection.al\/wp-content\/uploads\/2022\/07\/sport-collection-png-1.png","width":900,"height":129,"caption":"Sport-Collection"},"image":{"@id":"https:\/\/sportcollection.al\/#\/schema\/logo\/image\/"},"sameAs":["https:\/\/www.facebook.com\/SportCollectionAlbania","https:\/\/www.instagram.com\/sport_collection_gjirokaster?utm_source=ig_web_button_share_sheet&igsh=ZDNlZDc0MzIxNw=="]}]}},"_links":{"self":[{"href":"https:\/\/sportcollection.al\/sq\/wp-json\/wp\/v2\/product\/6352","targetHints":{"allow":["GET"]}}],"collection":[{"href":"https:\/\/sportcollection.al\/sq\/wp-json\/wp\/v2\/product"}],"about":[{"href":"https:\/\/sportcollection.al\/sq\/wp-json\/wp\/v2\/types\/product"}],"replies":[{"embeddable":true,"href":"https:\/\/sportcollection.al\/sq\/wp-json\/wp\/v2\/comments?post=6352"}],"wp:featuredmedia":[{"embeddable":true,"href":"https:\/\/sportcollection.al\/sq\/wp-json\/wp\/v2\/media\/6356"}],"wp:attachment":[{"href":"https:\/\/sportcollection.al\/sq\/wp-json\/wp\/v2\/media?parent=6352"}],"wp:term":[{"taxonomy":"product_brand","embeddable":true,"href":"https:\/\/sportcollection.al\/sq\/wp-json\/wp\/v2\/product_brand?post=6352"},{"taxonomy":"product_cat","embeddable":true,"href":"https:\/\/sportcollection.al\/sq\/wp-json\/wp\/v2\/product_cat?post=6352"},{"taxonomy":"product_tag","embeddable":true,"href":"https:\/\/sportcollection.al\/sq\/wp-json\/wp\/v2\/product_tag?post=6352"}],"curies":[{"name":"wp","href":"https:\/\/api.w.org\/{rel}","templated":true}]}}