{"id":6383,"date":"2024-03-03T23:14:35","date_gmt":"2024-03-03T23:14:35","guid":{"rendered":"https:\/\/sportcollection.al\/?post_type=product&#038;p=6383"},"modified":"2024-03-03T23:14:35","modified_gmt":"2024-03-03T23:14:35","slug":"shoes-adidas-alphaedge","status":"publish","type":"product","link":"https:\/\/sportcollection.al\/sq\/produkt\/shoes-adidas-alphaedge\/","title":{"rendered":"SHOES ADIDAS ALPHAEDGE+"},"content":{"rendered":"<p>N\u00eb k\u00ebto atlete, dizajni modern nd\u00ebrthuret me komoditetin klasik p\u00ebr t\u00eb krijuar nj\u00eb pal\u00eb atlete t\u00eb domosdoshme p\u00ebr garderob\u00ebn t\u00ebnde. Inspiruar nga atletet me performanc\u00eb t\u00eb lart\u00eb, me k\u00ebto atlete adidas mund t\u00eb p\u00ebrshkosh distanca t\u00eb t\u00ebra me komoditet t\u00eb pakrahasuesh\u00ebm. Sholla e mesme Bounce i jep energji \u00e7do hapi me amortizim t\u00eb but\u00eb, p\u00ebr \u00e7far\u00ebdolloj aktiviteti t\u00eb dit\u00ebs. Sholla e jashtme gom\u00eb me kapje t\u00eb mir\u00eb garanton komoditet n\u00eb \u00e7do sip\u00ebrfaqe.<\/p>\n<h6>Specifikime<\/h6>\n<ul>\n<li>Prerje e rregullt<\/li>\n<li>Mbyllen me lidh\u00ebse<\/li>\n<li>Pjesa e sip\u00ebrme tekstil<\/li>\n<li>Sholl\u00eb e mesme Bounce<\/li>\n<li>Veshje e brendshme tekstil<\/li>\n<li>Sholl\u00eb\u00a0e\u00a0jashtme\u00a0gome<\/li>\n<\/ul>","protected":false},"excerpt":{"rendered":"<h6>Kodi:IG3593<\/h6>\n<p>ATLETE KLASIKE ME PEFORMANNC\u00cb T\u00cb LART\u00cb<\/p>","protected":false},"featured_media":6386,"comment_status":"open","ping_status":"closed","template":"","meta":{"site-sidebar-layout":"default","site-content-layout":"","ast-site-content-layout":"default","site-content-style":"default","site-sidebar-style":"default","ast-global-header-display":"","ast-banner-title-visibility":"","ast-main-header-display":"","ast-hfb-above-header-display":"","ast-hfb-below-header-display":"","ast-hfb-mobile-header-display":"","site-post-title":"","ast-breadcrumbs-content":"","ast-featured-img":"","footer-sml-layout":"","theme-transparent-header-meta":"default","adv-header-id-meta":"","stick-header-meta":"","header-above-stick-meta":"","header-main-stick-meta":"","header-below-stick-meta":"","astra-migrate-meta-layouts":"set","ast-page-background-enabled":"default","ast-page-background-meta":{"desktop":{"background-color":"","background-image":"","background-repeat":"repeat","background-position":"center center","background-size":"auto","background-attachment":"scroll","background-type":"","background-media":"","overlay-type":"","overlay-color":"","overlay-gradient":""},"tablet":{"background-color":"","background-image":"","background-repeat":"repeat","background-position":"center center","background-size":"auto","background-attachment":"scroll","background-type":"","background-media":"","overlay-type":"","overlay-color":"","overlay-gradient":""},"mobile":{"background-color":"","background-image":"","background-repeat":"repeat","background-position":"center center","background-size":"auto","background-attachment":"scroll","background-type":"","background-media":"","overlay-type":"","overlay-color":"","overlay-gradient":""}},"ast-content-background-meta":{"desktop":{"background-color":"var(--ast-global-color-5)","background-image":"","background-repeat":"repeat","background-position":"center center","background-size":"auto","background-attachment":"scroll","background-type":"","background-media":"","overlay-type":"","overlay-color":"","overlay-gradient":""},"tablet":{"background-color":"var(--ast-global-color-5)","background-image":"","background-repeat":"repeat","background-position":"center center","background-size":"auto","background-attachment":"scroll","background-type":"","background-media":"","overlay-type":"","overlay-color":"","overlay-gradient":""},"mobile":{"background-color":"var(--ast-global-color-5)","background-image":"","background-repeat":"repeat","background-position":"center center","background-size":"auto","background-attachment":"scroll","background-type":"","background-media":"","overlay-type":"","overlay-color":"","overlay-gradient":""}}},"product_brand":[],"product_cat":[16],"product_tag":[],"class_list":{"0":"post-6383","1":"product","2":"type-product","3":"status-publish","4":"has-post-thumbnail","6":"product_cat-shoes","7":"desktop-align-center","8":"tablet-align-center","9":"mobile-align-center","11":"first","12":"instock","13":"shipping-taxable","14":"purchasable","15":"product-type-variable"},"yoast_head":"<!-- This site is optimized with the Yoast SEO plugin v26.8 - https:\/\/yoast.com\/product\/yoast-seo-wordpress\/ -->\n<title>SHOES ADIDAS ALPHAEDGE+ - Sport Collection<\/title>\n<meta name=\"description\" content=\"N\u00ebse k\u00ebrkoni atlete p\u00ebr sport, keni ardhur n\u00eb vendin e duhur. Ne kemi nj\u00eb koleksion t\u00eb madh t\u00eb atleteve p\u00ebr sport adidas p\u00ebr \u00e7do lloj aktiviteti fizik.\" \/>\n<meta name=\"robots\" content=\"index, follow, max-snippet:-1, max-image-preview:large, max-video-preview:-1\" \/>\n<link rel=\"canonical\" href=\"https:\/\/sportcollection.al\/sq\/produkt\/shoes-adidas-alphaedge\/\" \/>\n<meta property=\"og:locale\" content=\"sq_AL\" \/>\n<meta property=\"og:type\" content=\"article\" \/>\n<meta property=\"og:title\" content=\"SHOES ADIDAS ALPHAEDGE+ - Sport Collection\" \/>\n<meta property=\"og:description\" content=\"N\u00ebse k\u00ebrkoni atlete p\u00ebr sport, keni ardhur n\u00eb vendin e duhur. Ne kemi nj\u00eb koleksion t\u00eb madh t\u00eb atleteve p\u00ebr sport adidas p\u00ebr \u00e7do lloj aktiviteti fizik.\" \/>\n<meta property=\"og:url\" content=\"https:\/\/sportcollection.al\/sq\/produkt\/shoes-adidas-alphaedge\/\" \/>\n<meta property=\"og:site_name\" content=\"Sport-Collection\" \/>\n<meta property=\"article:publisher\" content=\"https:\/\/www.facebook.com\/SportCollectionAlbania\" \/>\n<meta property=\"og:image\" content=\"https:\/\/sportcollection.al\/wp-content\/uploads\/2024\/03\/3-4.png\" \/>\n\t<meta property=\"og:image:width\" content=\"1080\" \/>\n\t<meta property=\"og:image:height\" content=\"1080\" \/>\n\t<meta property=\"og:image:type\" content=\"image\/png\" \/>\n<meta name=\"twitter:card\" content=\"summary_large_image\" \/>\n<meta name=\"twitter:label1\" content=\"Est. reading time\" \/>\n\t<meta name=\"twitter:data1\" content=\"1 minut\u00eb\" \/>\n<script type=\"application\/ld+json\" class=\"yoast-schema-graph\">{\"@context\":\"https:\/\/schema.org\",\"@graph\":[{\"@type\":\"WebPage\",\"@id\":\"https:\/\/sportcollection.al\/product\/shoes-adidas-alphaedge\/\",\"url\":\"https:\/\/sportcollection.al\/product\/shoes-adidas-alphaedge\/\",\"name\":\"SHOES ADIDAS ALPHAEDGE+ - Sport Collection\",\"isPartOf\":{\"@id\":\"https:\/\/sportcollection.al\/#website\"},\"primaryImageOfPage\":{\"@id\":\"https:\/\/sportcollection.al\/product\/shoes-adidas-alphaedge\/#primaryimage\"},\"image\":{\"@id\":\"https:\/\/sportcollection.al\/product\/shoes-adidas-alphaedge\/#primaryimage\"},\"thumbnailUrl\":\"https:\/\/sportcollection.al\/wp-content\/uploads\/2024\/03\/3-4.png\",\"datePublished\":\"2024-03-03T23:14:35+00:00\",\"description\":\"N\u00ebse k\u00ebrkoni atlete p\u00ebr sport, keni ardhur n\u00eb vendin e duhur. Ne kemi nj\u00eb koleksion t\u00eb madh t\u00eb atleteve p\u00ebr sport adidas p\u00ebr \u00e7do lloj aktiviteti fizik.\",\"breadcrumb\":{\"@id\":\"https:\/\/sportcollection.al\/product\/shoes-adidas-alphaedge\/#breadcrumb\"},\"inLanguage\":\"sq\",\"potentialAction\":[{\"@type\":\"ReadAction\",\"target\":[\"https:\/\/sportcollection.al\/product\/shoes-adidas-alphaedge\/\"]}]},{\"@type\":\"ImageObject\",\"inLanguage\":\"sq\",\"@id\":\"https:\/\/sportcollection.al\/product\/shoes-adidas-alphaedge\/#primaryimage\",\"url\":\"https:\/\/sportcollection.al\/wp-content\/uploads\/2024\/03\/3-4.png\",\"contentUrl\":\"https:\/\/sportcollection.al\/wp-content\/uploads\/2024\/03\/3-4.png\",\"width\":1080,\"height\":1080,\"caption\":\"atlete per sport\"},{\"@type\":\"BreadcrumbList\",\"@id\":\"https:\/\/sportcollection.al\/product\/shoes-adidas-alphaedge\/#breadcrumb\",\"itemListElement\":[{\"@type\":\"ListItem\",\"position\":1,\"name\":\"Home\",\"item\":\"https:\/\/sportcollection.al\/\"},{\"@type\":\"ListItem\",\"position\":2,\"name\":\"Shop\",\"item\":\"https:\/\/sportcollection.al\/shop-2\/\"},{\"@type\":\"ListItem\",\"position\":3,\"name\":\"SHOES ADIDAS ALPHAEDGE+\"}]},{\"@type\":\"WebSite\",\"@id\":\"https:\/\/sportcollection.al\/#website\",\"url\":\"https:\/\/sportcollection.al\/\",\"name\":\"Sport-Collection\",\"description\":\"\",\"publisher\":{\"@id\":\"https:\/\/sportcollection.al\/#organization\"},\"potentialAction\":[{\"@type\":\"SearchAction\",\"target\":{\"@type\":\"EntryPoint\",\"urlTemplate\":\"https:\/\/sportcollection.al\/?s={search_term_string}\"},\"query-input\":{\"@type\":\"PropertyValueSpecification\",\"valueRequired\":true,\"valueName\":\"search_term_string\"}}],\"inLanguage\":\"sq\"},{\"@type\":\"Organization\",\"@id\":\"https:\/\/sportcollection.al\/#organization\",\"name\":\"Sport-Collection\",\"url\":\"https:\/\/sportcollection.al\/\",\"logo\":{\"@type\":\"ImageObject\",\"inLanguage\":\"sq\",\"@id\":\"https:\/\/sportcollection.al\/#\/schema\/logo\/image\/\",\"url\":\"https:\/\/sportcollection.al\/wp-content\/uploads\/2022\/07\/sport-collection-png-1.png\",\"contentUrl\":\"https:\/\/sportcollection.al\/wp-content\/uploads\/2022\/07\/sport-collection-png-1.png\",\"width\":900,\"height\":129,\"caption\":\"Sport-Collection\"},\"image\":{\"@id\":\"https:\/\/sportcollection.al\/#\/schema\/logo\/image\/\"},\"sameAs\":[\"https:\/\/www.facebook.com\/SportCollectionAlbania\",\"https:\/\/www.instagram.com\/sport_collection_gjirokaster?utm_source=ig_web_button_share_sheet&igsh=ZDNlZDc0MzIxNw==\"]}]}<\/script>\n<!-- \/ Yoast SEO plugin. -->","yoast_head_json":{"title":"SHOES ADIDAS ALPHAEDGE+ - Sport Collection","description":"N\u00ebse k\u00ebrkoni atlete p\u00ebr sport, keni ardhur n\u00eb vendin e duhur. Ne kemi nj\u00eb koleksion t\u00eb madh t\u00eb atleteve p\u00ebr sport adidas p\u00ebr \u00e7do lloj aktiviteti fizik.","robots":{"index":"index","follow":"follow","max-snippet":"max-snippet:-1","max-image-preview":"max-image-preview:large","max-video-preview":"max-video-preview:-1"},"canonical":"https:\/\/sportcollection.al\/sq\/produkt\/shoes-adidas-alphaedge\/","og_locale":"sq_AL","og_type":"article","og_title":"SHOES ADIDAS ALPHAEDGE+ - Sport Collection","og_description":"N\u00ebse k\u00ebrkoni atlete p\u00ebr sport, keni ardhur n\u00eb vendin e duhur. Ne kemi nj\u00eb koleksion t\u00eb madh t\u00eb atleteve p\u00ebr sport adidas p\u00ebr \u00e7do lloj aktiviteti fizik.","og_url":"https:\/\/sportcollection.al\/sq\/produkt\/shoes-adidas-alphaedge\/","og_site_name":"Sport-Collection","article_publisher":"https:\/\/www.facebook.com\/SportCollectionAlbania","og_image":[{"width":1080,"height":1080,"url":"https:\/\/sportcollection.al\/wp-content\/uploads\/2024\/03\/3-4.png","type":"image\/png"}],"twitter_card":"summary_large_image","twitter_misc":{"Est. reading time":"1 minut\u00eb"},"schema":{"@context":"https:\/\/schema.org","@graph":[{"@type":"WebPage","@id":"https:\/\/sportcollection.al\/product\/shoes-adidas-alphaedge\/","url":"https:\/\/sportcollection.al\/product\/shoes-adidas-alphaedge\/","name":"SHOES ADIDAS ALPHAEDGE+ - Sport Collection","isPartOf":{"@id":"https:\/\/sportcollection.al\/#website"},"primaryImageOfPage":{"@id":"https:\/\/sportcollection.al\/product\/shoes-adidas-alphaedge\/#primaryimage"},"image":{"@id":"https:\/\/sportcollection.al\/product\/shoes-adidas-alphaedge\/#primaryimage"},"thumbnailUrl":"https:\/\/sportcollection.al\/wp-content\/uploads\/2024\/03\/3-4.png","datePublished":"2024-03-03T23:14:35+00:00","description":"N\u00ebse k\u00ebrkoni atlete p\u00ebr sport, keni ardhur n\u00eb vendin e duhur. Ne kemi nj\u00eb koleksion t\u00eb madh t\u00eb atleteve p\u00ebr sport adidas p\u00ebr \u00e7do lloj aktiviteti fizik.","breadcrumb":{"@id":"https:\/\/sportcollection.al\/product\/shoes-adidas-alphaedge\/#breadcrumb"},"inLanguage":"sq","potentialAction":[{"@type":"ReadAction","target":["https:\/\/sportcollection.al\/product\/shoes-adidas-alphaedge\/"]}]},{"@type":"ImageObject","inLanguage":"sq","@id":"https:\/\/sportcollection.al\/product\/shoes-adidas-alphaedge\/#primaryimage","url":"https:\/\/sportcollection.al\/wp-content\/uploads\/2024\/03\/3-4.png","contentUrl":"https:\/\/sportcollection.al\/wp-content\/uploads\/2024\/03\/3-4.png","width":1080,"height":1080,"caption":"atlete per sport"},{"@type":"BreadcrumbList","@id":"https:\/\/sportcollection.al\/product\/shoes-adidas-alphaedge\/#breadcrumb","itemListElement":[{"@type":"ListItem","position":1,"name":"Home","item":"https:\/\/sportcollection.al\/"},{"@type":"ListItem","position":2,"name":"Shop","item":"https:\/\/sportcollection.al\/shop-2\/"},{"@type":"ListItem","position":3,"name":"SHOES ADIDAS ALPHAEDGE+"}]},{"@type":"WebSite","@id":"https:\/\/sportcollection.al\/#website","url":"https:\/\/sportcollection.al\/","name":"Sport-Collection","description":"","publisher":{"@id":"https:\/\/sportcollection.al\/#organization"},"potentialAction":[{"@type":"SearchAction","target":{"@type":"EntryPoint","urlTemplate":"https:\/\/sportcollection.al\/?s={search_term_string}"},"query-input":{"@type":"PropertyValueSpecification","valueRequired":true,"valueName":"search_term_string"}}],"inLanguage":"sq"},{"@type":"Organization","@id":"https:\/\/sportcollection.al\/#organization","name":"Sport-Collection","url":"https:\/\/sportcollection.al\/","logo":{"@type":"ImageObject","inLanguage":"sq","@id":"https:\/\/sportcollection.al\/#\/schema\/logo\/image\/","url":"https:\/\/sportcollection.al\/wp-content\/uploads\/2022\/07\/sport-collection-png-1.png","contentUrl":"https:\/\/sportcollection.al\/wp-content\/uploads\/2022\/07\/sport-collection-png-1.png","width":900,"height":129,"caption":"Sport-Collection"},"image":{"@id":"https:\/\/sportcollection.al\/#\/schema\/logo\/image\/"},"sameAs":["https:\/\/www.facebook.com\/SportCollectionAlbania","https:\/\/www.instagram.com\/sport_collection_gjirokaster?utm_source=ig_web_button_share_sheet&igsh=ZDNlZDc0MzIxNw=="]}]}},"_links":{"self":[{"href":"https:\/\/sportcollection.al\/sq\/wp-json\/wp\/v2\/product\/6383","targetHints":{"allow":["GET"]}}],"collection":[{"href":"https:\/\/sportcollection.al\/sq\/wp-json\/wp\/v2\/product"}],"about":[{"href":"https:\/\/sportcollection.al\/sq\/wp-json\/wp\/v2\/types\/product"}],"replies":[{"embeddable":true,"href":"https:\/\/sportcollection.al\/sq\/wp-json\/wp\/v2\/comments?post=6383"}],"wp:featuredmedia":[{"embeddable":true,"href":"https:\/\/sportcollection.al\/sq\/wp-json\/wp\/v2\/media\/6386"}],"wp:attachment":[{"href":"https:\/\/sportcollection.al\/sq\/wp-json\/wp\/v2\/media?parent=6383"}],"wp:term":[{"taxonomy":"product_brand","embeddable":true,"href":"https:\/\/sportcollection.al\/sq\/wp-json\/wp\/v2\/product_brand?post=6383"},{"taxonomy":"product_cat","embeddable":true,"href":"https:\/\/sportcollection.al\/sq\/wp-json\/wp\/v2\/product_cat?post=6383"},{"taxonomy":"product_tag","embeddable":true,"href":"https:\/\/sportcollection.al\/sq\/wp-json\/wp\/v2\/product_tag?post=6383"}],"curies":[{"name":"wp","href":"https:\/\/api.w.org\/{rel}","templated":true}]}}